{"id":4594,"date":"2026-01-23T14:31:23","date_gmt":"2026-01-23T14:31:23","guid":{"rendered":"https:\/\/isi.designhouse.co.uk\/site-map\/"},"modified":"2026-03-18T18:43:13","modified_gmt":"2026-03-18T18:43:13","slug":"mapa-del-sitio-es","status":"publish","type":"page","link":"https:\/\/isi.designhouse.co.uk\/es\/mapa-del-sitio-es\/","title":{"rendered":"Mapa del sitio"},"content":{"rendered":"<div id=\"cs-content\" class=\"cs-content\"><div class=\"cs-content x-global-block x-global-block-4714 e4594-e1\"><div class=\"x-section e4714-e2 m3my-0 breadcrumbs\" id=\"breadcrumbs\"><div class=\"x-row x-container max width e4714-e3 m3my-1 m3my-2\"><div class=\"x-row-inner\"><div class=\"x-col e4714-e4 m3my-3\"><nav class=\"x-crumbs e4714-e5 m3my-4\" role=\"navigation\"><ol class=\"x-crumbs-list\" itemscope=\"\" itemtype=\"http:\/\/schema.org\/BreadcrumbList\" aria-label=\"Breadcrumb Navigation\"><li class=\"x-crumbs-list-item\" itemprop=\"itemListElement\" itemscope itemtype=\"http:\/\/schema.org\/ListItem\"><a class=\"x-crumbs-current x-crumbs-link\" itemtype=\"http:\/\/schema.org\/Thing\" itemprop=\"item\" href=\"https:\/\/isi.designhouse.co.uk\/es\/\" title=\"You Are Here\"><span itemprop=\"name\">Home<\/span><\/a><meta itemprop=\"position\" content=\"1\"><\/li><\/ol><\/nav><\/div><\/div><\/div><\/div><\/div><div class=\"x-section e4594-e2 m3jm-0 m3jm-1 title simple\" id=\"title\"><div class=\"x-row x-container max width e4594-e3 m3jm-3 m3jm-4 m3jm-5\"><div class=\"x-row-inner\"><div class=\"x-col e4594-e4 m3jm-7\"><div class=\"x-text x-content e4594-e5 m3jm-8\"><h1>Mapa del sitio<\/h1><\/div><\/div><\/div><\/div><\/div><section class=\"x-section e4594-e6 m3jm-1 m3jm-2\"><div class=\"x-row x-container max width e4594-e7 m3jm-3 m3jm-4 m3jm-6\"><div class=\"x-row-inner\"><div class=\"x-col e4594-e8 m3jm-7\"><ul class=\"sitemap\"><li><h2><a href=\"https:\/\/isi.designhouse.co.uk\/es\/\">Hogar<\/a><\/h2><\/li><li><h2><a href=\"https:\/\/isi.designhouse.co.uk\/es\/compania-es\/\">Compa\u00f1\u00eda<\/a><\/h2><ul><li><a href=\"https:\/\/isi.designhouse.co.uk\/es\/compania-es\/consultas-de-prensa-es\/\">Consultas de prensa<\/a><\/li><li><a href=\"https:\/\/isi.designhouse.co.uk\/es\/about\/\">About<\/a><\/li><li><a href=\"https:\/\/isi.designhouse.co.uk\/es\/people\/\">People<\/a><\/li><li><a href=\"https:\/\/isi.designhouse.co.uk\/es\/esg-csr\/\">ESG y RSC<\/a><\/li><li><a href=\"https:\/\/isi.designhouse.co.uk\/es\/careers\/\">Carreras profesionales<\/a><\/li><li><a href=\"https:\/\/isi.designhouse.co.uk\/es\/contact\/\">Contacto<\/a><\/li><\/ul><\/li><li class=\"solutions\"><h2><span>Solutions<\/span><\/h2><ul><li><h3><span>Sector<\/span><\/h3><ul><li><a href=\"https:\/\/isi.designhouse.co.uk\/es\/solution\/empresas-es\/\">Empresas<\/a><\/li><li><a href=\"https:\/\/isi.designhouse.co.uk\/es\/solution\/lado-comprador-es\/\">Lado comprador<\/a><\/li><li><a href=\"https:\/\/isi.designhouse.co.uk\/es\/solution\/servicios-profesionales-es\/\">Servicios profesionales<\/a><\/li><li><a href=\"https:\/\/isi.designhouse.co.uk\/es\/solution\/productos-basicos-intel-es\/\">Productos b\u00e1sicos Intel<\/a><\/li><li><a href=\"https:\/\/isi.designhouse.co.uk\/es\/solution\/ceic-buyside-es\/\">CEIC Buyside<\/a><\/li><li><a href=\"https:\/\/isi.designhouse.co.uk\/es\/solution\/empresas-ceic-es\/\">Empresas CEIC<\/a><\/li><li><a href=\"https:\/\/isi.designhouse.co.uk\/es\/solution\/ceic-para-el-gobierno-es\/\">CEIC para el Gobierno<\/a><\/li><li><a href=\"https:\/\/isi.designhouse.co.uk\/es\/solution\/bancos-de-inversion-y-comerciales-es\/\">Bancos de inversi\u00f3n y comerciales<\/a><\/li><li><a href=\"https:\/\/isi.designhouse.co.uk\/es\/solution\/servicios-profesionales-es\/\">Servicios profesionales<\/a><\/li><li><a href=\"https:\/\/isi.designhouse.co.uk\/es\/solution\/gobierno-es\/\">Gobierno<\/a><\/li><li><a href=\"https:\/\/isi.designhouse.co.uk\/es\/solution\/academia-es\/\">Academia<\/a><\/li><\/ul><\/li><li><h3><span>Challenge<\/span><\/h3><ul><li><a href=\"https:\/\/isi.designhouse.co.uk\/es\/solution\/acelerar-la-investigacion-es\/\">Acelerar la investigaci\u00f3n<\/a><\/li><li><a href=\"https:\/\/isi.designhouse.co.uk\/es\/solution\/identifique-las-oportunidades-de-los-mercados-emergentes-con-anticipacion-es\/\">Identifique las oportunidades de los mercados emergentes con anticipaci\u00f3n.<\/a><\/li><li><a href=\"https:\/\/isi.designhouse.co.uk\/es\/solution\/identificar-las-tendencias-macro-es\/\">Identificar las tendencias macro<\/a><\/li><li><a href=\"https:\/\/isi.designhouse.co.uk\/es\/solution\/inteligencia-estrategica-de-la-industria-es\/\">Inteligencia estrat\u00e9gica de la industria<\/a><\/li><li><a href=\"https:\/\/isi.designhouse.co.uk\/es\/solution\/mejorar-la-estrategia-de-cartera-es\/\">Mejorar la estrategia de cartera<\/a><\/li><li><a href=\"https:\/\/isi.designhouse.co.uk\/es\/solution\/fortalecer-las-decisiones-crediticias-es\/\">Fortalecer las decisiones crediticias<\/a><\/li><li><a href=\"https:\/\/isi.designhouse.co.uk\/es\/solution\/generar-oportunidades-de-fusiones-y-adquisiciones-y-de-credito-es\/\">Generar oportunidades de fusiones y adquisiciones y de cr\u00e9dito.<\/a><\/li><\/ul><\/li><\/ul><\/li><li class=\"products\"><h2><span>Products<\/span><\/h2><ul><li><h3><a href=\"https:\/\/isi.designhouse.co.uk\/es\/product\/isi-es\/\">ISI<\/a><\/h3><\/li><li><h3><a href=\"https:\/\/isi.designhouse.co.uk\/es\/product\/ceic-es\/\">CEIC<\/a><\/h3><ul><li><a href=\"https:\/\/isi.designhouse.co.uk\/es\/product\/ceic-es\/global-macro-es\/\">Global Macro<\/a><\/li><li><a href=\"https:\/\/isi.designhouse.co.uk\/es\/product\/ceic-es\/world-trend-plus-es\/\">World Trend Plus<\/a><\/li><li><a href=\"https:\/\/isi.designhouse.co.uk\/es\/product\/ceic-es\/asean-es\/\">ASEAN<\/a><\/li><li><a href=\"https:\/\/isi.designhouse.co.uk\/es\/product\/ceic-es\/brasil-es\/\">Brasil<\/a><\/li><li><a href=\"https:\/\/isi.designhouse.co.uk\/es\/product\/ceic-es\/porcelana-es\/\">Porcelana<\/a><\/li><li><a href=\"https:\/\/isi.designhouse.co.uk\/es\/product\/ceic-es\/india-es\/\">India<\/a><\/li><li><a href=\"https:\/\/isi.designhouse.co.uk\/es\/product\/ceic-es\/rusia-es\/\">Rusia<\/a><\/li><li><a href=\"https:\/\/isi.designhouse.co.uk\/es\/product\/ceic-es\/frecuencia-alta-es\/\">Frecuencia alta<\/a><\/li><li><a href=\"https:\/\/isi.designhouse.co.uk\/es\/product\/ceic-es\/punto-en-el-tiempo-es\/\">Punto en el tiempo<\/a><\/li><\/ul><\/li><li><h3><a href=\"https:\/\/isi.designhouse.co.uk\/es\/product\/emis-es\/\">EMIS<\/a><\/h3><ul><li><a href=\"https:\/\/isi.designhouse.co.uk\/es\/product\/emis-es\/inteligencia-de-mercado-y-planificacion-estrategica-es\/\">Inteligencia de mercado y planificaci\u00f3n estrat\u00e9gica<\/a><\/li><li><a href=\"https:\/\/isi.designhouse.co.uk\/es\/product\/emis-es\/investigacion-empresarial-es\/\">Investigaci\u00f3n empresarial<\/a><\/li><li><a href=\"https:\/\/isi.designhouse.co.uk\/es\/product\/emis-es\/ma-investment-es\/\">M&amp;A Investment<\/a><\/li><li><a href=\"https:\/\/isi.designhouse.co.uk\/es\/product\/emis-es\/credit-risk-es\/\">Credit &amp; Risk<\/a><\/li><li><a href=\"https:\/\/isi.designhouse.co.uk\/es\/product\/emis-es\/ventas-y-marketing-es\/\">Ventas y marketing<\/a><\/li><li><a href=\"https:\/\/isi.designhouse.co.uk\/es\/product\/emis-es\/investigacion-academica-es\/\">Investigaci\u00f3n acad\u00e9mica<\/a><\/li><\/ul><\/li><li><h3><a href=\"https:\/\/isi.designhouse.co.uk\/es\/product\/epfr-es\/\">EPFR<\/a><\/h3><ul><li><a href=\"https:\/\/isi.designhouse.co.uk\/es\/product\/epfr-es\/flujos-y-asignaciones-de-fondos-es\/\">Flujos y asignaciones de fondos<\/a><\/li><li><a href=\"https:\/\/isi.designhouse.co.uk\/es\/product\/epfr-es\/nivel-de-seguridad-es\/\">Nivel de seguridad<\/a><\/li><li><a href=\"https:\/\/isi.designhouse.co.uk\/es\/product\/epfr-es\/soluciones-especializadas-es\/\">Soluciones especializadas<\/a><\/li><\/ul><\/li><li><h3><a href=\"https:\/\/isi.designhouse.co.uk\/es\/product\/redd-es\/\">REDD<\/a><\/h3><ul><li><a href=\"https:\/\/isi.designhouse.co.uk\/es\/product\/redd-es\/deuda-soberana-es\/\">Deuda soberana<\/a><\/li><li><a href=\"https:\/\/isi.designhouse.co.uk\/es\/product\/redd-es\/deuda-corporativa-es\/\">Deuda corporativa<\/a><\/li><\/ul><\/li><li><h3><a href=\"https:\/\/isi.designhouse.co.uk\/es\/product\/imoneynet-es\/\">iMoneyNet<\/a><\/h3><\/li><\/ul><\/li><li class=\"posts\"><h2><a href=\"https:\/\/isi.designhouse.co.uk\/es\/noticias-y-analisis-es\/\">Noticias y an\u00e1lisis<\/a><\/h2><ul><li><h3>Categories<\/h3><ul><li><a href=\"\/news\/press-releases\/\">Press Releases<\/a><\/li><li><a href=\"\/news\/publications\/\">Publications<\/a><\/li><li><a href=\"\/news\/quants-corner\/\">Quants Corner<\/a><\/li><li><a href=\"\/news\/sin-categoria\/\">Sin categor\u00eda<\/a><\/li><\/ul><\/li><li><h3>Topics<\/h3><ul><li><a href=\"\/news\/tag\/academic-research\/\">Academic Research<\/a><\/li><li><a href=\"\/news\/tag\/africa\/\">Africa<\/a><\/li><li><a href=\"\/news\/tag\/ai\/\">AI<\/a><\/li><li><a href=\"\/news\/tag\/asean\/\">ASEAN<\/a><\/li><li><a href=\"\/news\/tag\/asset-allocations\/\">Asset Allocations<\/a><\/li><li><a href=\"\/news\/tag\/awards\/\">Awards<\/a><\/li><li><a href=\"\/news\/tag\/banking\/\">Banking<\/a><\/li><li><a href=\"\/news\/tag\/bond-flows\/\">Bond Flows<\/a><\/li><li><a href=\"\/news\/tag\/bond-funds\/\">Bond Funds<\/a><\/li><li><a href=\"\/news\/tag\/brazil\/\">Brazil<\/a><\/li><li><a href=\"\/news\/tag\/business-research\/\">Business Research<\/a><\/li><li><a href=\"\/news\/tag\/central-banks\/\">Central Banks<\/a><\/li><li><a href=\"\/news\/tag\/china\/\">China<\/a><\/li><li><a href=\"\/news\/tag\/china-a-shares\/\">China A Shares<\/a><\/li><li><a href=\"\/news\/tag\/company-intelligence\/\">Company Intelligence<\/a><\/li><li><a href=\"\/news\/tag\/daily-fund-flows\/\">Daily Fund Flows<\/a><\/li><li><a href=\"\/news\/tag\/developed-markets\/\">Developed Markets<\/a><\/li><li><a href=\"\/news\/tag\/emerging-markets\/\">Emerging Markets<\/a><\/li><li><a href=\"\/news\/tag\/equity-fund-flows\/\">Equity Fund Flows<\/a><\/li><li><a href=\"\/news\/tag\/equity-funds\/\">Equity Funds<\/a><\/li><li><a href=\"\/news\/tag\/esg-fund-flows\/\">ESG Fund Flows<\/a><\/li><li><a href=\"\/news\/tag\/etf-fund-flows\/\">ETF Fund Flows<\/a><\/li><li><a href=\"\/news\/tag\/financial-markets\/\">Financial Markets Data<\/a><\/li><li><a href=\"\/news\/tag\/fund-flows\/\">Fund Flows<\/a><\/li><li><a href=\"\/news\/tag\/industry-research\/\">Industry Research<\/a><\/li><li><a href=\"\/news\/tag\/inflation\/\">Inflation<\/a><\/li><li><a href=\"\/news\/tag\/investor-sentiment\/\">Investor Sentiment<\/a><\/li><li><a href=\"\/news\/tag\/m-and-a\/\">M&amp;A &amp; Investment<\/a><\/li><li><a href=\"\/news\/tag\/market-analysis\/\">Market Analysis<\/a><\/li><li><a href=\"\/news\/tag\/market-intelligence\/\">Market Intelligence<\/a><\/li><li><a href=\"\/news\/tag\/mergers-and-acquisitions\/\">Mergers and Acquisitions<\/a><\/li><li><a href=\"\/news\/tag\/money-market-fund-flows\/\">Money Market Fund Flows<\/a><\/li><li><a href=\"\/news\/tag\/multimedia\/\">Multimedia<\/a><\/li><li><a href=\"\/news\/tag\/mutual-fund-flows\/\">Mutual Fund Flows<\/a><\/li><li><a href=\"\/news\/tag\/press-releases\/\">Press Releases<\/a><\/li><li><a href=\"\/news\/tag\/quantamental\/\">Quantamental<\/a><\/li><li><a href=\"\/news\/tag\/retail-flows\/\">Retail Flows<\/a><\/li><li><a href=\"\/news\/tag\/sovereign-debt\/\">Sovereign Debt<\/a><\/li><li><a href=\"\/news\/tag\/sri\/\">SRI<\/a><\/li><li><a href=\"\/news\/tag\/technology-funds\/\">Technology Funds<\/a><\/li><li><a href=\"\/news\/tag\/top-deals\/\">Top Deals<\/a><\/li><\/ul><\/li><li><h3>Regions<\/h3><ul><li><a href=\"\/region\/africa\/\">Africa<\/a><\/li><li><a href=\"\/region\/asean\/\">ASEAN<\/a><\/li><li><a href=\"\/region\/brazil\/\">Brazil<\/a><\/li><li><a href=\"\/region\/cee\/\">CEE<\/a><\/li><li><a href=\"\/region\/ceemea\/\">CEEMEA<\/a><\/li><li><a href=\"\/region\/china\/\">Chinese Mainland<\/a><\/li><li><a href=\"\/region\/colombia\/\">Colombia<\/a><\/li><li><a href=\"\/region\/europe\/\">Europe<\/a><\/li><li><a href=\"\/region\/india\/\">India<\/a><\/li><li><a href=\"\/region\/japan\/\">Japan<\/a><\/li><li><a href=\"\/region\/latam\/\">LATAM<\/a><\/li><li><a href=\"\/region\/poland\/\">Poland<\/a><\/li><\/ul><\/li><\/ul><\/li><li class=\"events\"><h2><a href=\"https:\/\/isi.designhouse.co.uk\/es\/events\/\">Events<\/a><\/h2><ul><li><h3>Future Events<\/h3><\/li><li><h3>Past Events<\/h3><\/li><li><h3>Categories<\/h3><ul><li><a href=\"\/events\/press-releases\/\">Press Releases<\/a><\/li><li><a href=\"\/events\/publications\/\">Publications<\/a><\/li><li><a href=\"\/events\/quants-corner\/\">Quants Corner<\/a><\/li><li><a href=\"\/events\/sin-categoria\/\">Sin categor\u00eda<\/a><\/li><\/ul><\/li><li><h3>Topics<\/h3><ul><li><a href=\"\/events\/tag\/ai\/\">AI<\/a><\/li><li><a href=\"\/events\/tag\/asean\/\">ASEAN<\/a><\/li><li><a href=\"\/events\/tag\/emerging-markets\/\">Emerging Markets<\/a><\/li><li><a href=\"\/events\/tag\/energy\/\">Energy<\/a><\/li><li><a href=\"\/events\/tag\/fintech\/\">Fintech<\/a><\/li><li><a href=\"\/events\/tag\/insurance\/\">Insurance<\/a><\/li><li><a href=\"\/events\/tag\/market-intelligence\/\">Market Intelligence<\/a><\/li><\/ul><\/li><li><h3>Regions<\/h3><ul><li><a href=\"\/events\/region\/asean\/\">ASEAN<\/a><\/li><li><a href=\"\/events\/region\/cee\/\">CEE<\/a><\/li><li><a href=\"\/events\/region\/europe\/\">Europe<\/a><\/li><li><a href=\"\/events\/region\/india\/\">India<\/a><\/li><li><a href=\"\/events\/region\/latam\/\">LATAM<\/a><\/li><li><a href=\"\/events\/region\/us\/\">United States<\/a><\/li><\/ul><\/li><\/ul><\/li><li><h2><a href=\"https:\/\/isi.designhouse.co.uk\/es\/acercarse-es\/\">Acercarse<\/a><\/h2><ul><li><a href=\"https:\/\/isi.designhouse.co.uk\/es\/data-delivery\/\">Entrega de datos<\/a><\/li><li><a href=\"https:\/\/isi.designhouse.co.uk\/es\/ai\/\">C\u00f3mo aplicamos la IA<\/a><\/li><li><a href=\"https:\/\/isi.designhouse.co.uk\/es\/partnerships\/\">Alianzas de contenido<\/a><\/li><li><a href=\"https:\/\/isi.designhouse.co.uk\/es\/customer-success\/\">\u00c9xito del cliente<\/a><\/li><\/ul><\/li><li><a href=\"https:\/\/isi.designhouse.co.uk\/es\/demo\/\">Request Demo<\/a><\/li><li><h2><a href=\"https:\/\/isi.designhouse.co.uk\/es\/newsletter\/\">Newsletter<\/a><\/h2><ul><li><a href=\"https:\/\/isi.designhouse.co.uk\/es\/newsletter\/suscribase-al-boletin-informativo-de-ceic-es\/\">Suscr\u00edbase al bolet\u00edn informativo de CEIC<\/a><\/li><li><a href=\"https:\/\/isi.designhouse.co.uk\/es\/newsletter\/suscribase-al-boletin-informativo-de-emis-es\/\">Suscr\u00edbase al bolet\u00edn informativo de EMIS<\/a><\/li><li><a href=\"https:\/\/isi.designhouse.co.uk\/es\/newsletter\/suscripcion-al-boletin-informativo-de-epfr-es\/\">Suscripci\u00f3n al bolet\u00edn informativo de EPFR<\/a><\/li><\/ul><\/li><li><a href=\"https:\/\/isi.designhouse.co.uk\/es\/terminos-y-condiciones-es\/\">T\u00e9rminos y condiciones<\/a><\/li><li><a href=\"https:\/\/isi.designhouse.co.uk\/es\/politica-de-privacidad-es\/\">pol\u00edtica de privacidad<\/a><\/li><li><a href=\"https:\/\/isi.designhouse.co.uk\/es\/politica-de-cookies-es\/\">Pol\u00edtica de cookies<\/a><\/li><li><a href=\"https:\/\/isi.designhouse.co.uk\/es\/mapa-del-sitio-es\/\">Mapa del sitio<\/a><\/li><li><a href=\"https:\/\/isi.designhouse.co.uk\/es\/inicio-de-sesion-de-redd-es\/\">Inicio de sesi\u00f3n de REDD<\/a><\/li><li><a href=\"https:\/\/isi.designhouse.co.uk\/es\/inicio-de-sesion-de-imoneynet-es\/\">Inicio de sesi\u00f3n de iMoneyNet<\/a><\/li><li><a href=\"https:\/\/isi.designhouse.co.uk\/es\/pagina-no-encontrada-es\/\">P\u00e1gina no encontrada<\/a><\/li><\/ul><\/div><\/div><\/div><\/section><\/div>","protected":false},"excerpt":{"rendered":"<p>HomeMapa del sitioHogarCompa\u00f1\u00edaConsultas de prensaAboutPeopleESG y RSCCarreras profesionalesContactoSolutionsSectorEmpresasLado compradorServicios profesionalesProductos b\u00e1sicos IntelCEIC BuysideEmpresas CEICCEIC para el GobiernoBancos de inversi\u00f3n y comercialesServicios profesionalesGobiernoAcademiaChallengeAcelerar la investigaci\u00f3nIdentifique las oportunidades de los mercados emergentes con anticipaci\u00f3n.Identificar las tendencias macroInteligencia estrat\u00e9gica de la industriaMejorar la estrategia de carteraFortalecer las decisiones crediticiasGenerar oportunidades de fusiones y adquisiciones y de cr\u00e9dito.ProductsISICEICGlobal MacroWorld Trend PlusASEANBrasilPorcelanaIndiaRusiaFrecuencia altaPunto en el&hellip;<\/p>\n","protected":false},"author":1,"featured_media":0,"parent":0,"menu_order":95,"comment_status":"closed","ping_status":"closed","template":"template-blank-4.php","meta":{"cpa_authors":[],"cpa_override_default":false,"footnotes":""},"class_list":["post-4594","page","type-page","status-publish","hentry","no-post-thumbnail"],"yoast_head":"<!-- This site is optimized with the Yoast SEO plugin v27.2 - https:\/\/yoast.com\/product\/yoast-seo-wordpress\/ -->\n<title>Mapa del sitio - ISI<\/title>\n<meta name=\"robots\" content=\"noindex, follow, max-snippet:-1, max-image-preview:large, max-video-preview:-1\" \/>\n<meta property=\"og:locale\" content=\"es_ES\" \/>\n<meta property=\"og:type\" content=\"article\" \/>\n<meta property=\"og:title\" content=\"Mapa del sitio - ISI\" \/>\n<meta property=\"og:description\" content=\"HomeMapa del sitioHogarCompa\u00f1\u00edaConsultas de prensaAboutPeopleESG y RSCCarreras profesionalesContactoSolutionsSectorEmpresasLado compradorServicios profesionalesProductos b\u00e1sicos IntelCEIC BuysideEmpresas CEICCEIC para el GobiernoBancos de inversi\u00f3n y comercialesServicios profesionalesGobiernoAcademiaChallengeAcelerar la investigaci\u00f3nIdentifique las oportunidades de los mercados emergentes con anticipaci\u00f3n.Identificar las tendencias macroInteligencia estrat\u00e9gica de la industriaMejorar la estrategia de carteraFortalecer las decisiones crediticiasGenerar oportunidades de fusiones y adquisiciones y de cr\u00e9dito.ProductsISICEICGlobal MacroWorld Trend PlusASEANBrasilPorcelanaIndiaRusiaFrecuencia altaPunto en el&hellip;\" \/>\n<meta property=\"og:url\" content=\"https:\/\/isi.designhouse.co.uk\/es\/mapa-del-sitio-es\/\" \/>\n<meta property=\"og:site_name\" content=\"ISI\" \/>\n<meta property=\"article:modified_time\" content=\"2026-03-18T18:43:13+00:00\" \/>\n<meta name=\"twitter:card\" content=\"summary_large_image\" \/>\n<script type=\"application\/ld+json\" class=\"yoast-schema-graph\">{\"@context\":\"https:\/\/schema.org\",\"@graph\":[{\"@type\":\"WebPage\",\"@id\":\"https:\/\/isi.designhouse.co.uk\/es\/mapa-del-sitio-es\/\",\"url\":\"https:\/\/isi.designhouse.co.uk\/es\/mapa-del-sitio-es\/\",\"name\":\"Mapa del sitio - ISI\",\"isPartOf\":{\"@id\":\"https:\/\/isi.designhouse.co.uk\/es\/#website\"},\"datePublished\":\"2026-01-23T14:31:23+00:00\",\"dateModified\":\"2026-03-18T18:43:13+00:00\",\"breadcrumb\":{\"@id\":\"https:\/\/isi.designhouse.co.uk\/es\/mapa-del-sitio-es\/#breadcrumb\"},\"inLanguage\":\"es\",\"potentialAction\":[{\"@type\":\"ReadAction\",\"target\":[\"https:\/\/isi.designhouse.co.uk\/es\/mapa-del-sitio-es\/\"]}]},{\"@type\":\"BreadcrumbList\",\"@id\":\"https:\/\/isi.designhouse.co.uk\/es\/mapa-del-sitio-es\/#breadcrumb\",\"itemListElement\":[{\"@type\":\"ListItem\",\"position\":1,\"name\":\"Home\",\"item\":\"https:\/\/isi.designhouse.co.uk\/es\/inicio\/\"},{\"@type\":\"ListItem\",\"position\":2,\"name\":\"Site Map\"}]},{\"@type\":\"WebSite\",\"@id\":\"https:\/\/isi.designhouse.co.uk\/es\/#website\",\"url\":\"https:\/\/isi.designhouse.co.uk\/es\/\",\"name\":\"ISI\",\"description\":\"\",\"potentialAction\":[{\"@type\":\"SearchAction\",\"target\":{\"@type\":\"EntryPoint\",\"urlTemplate\":\"https:\/\/isi.designhouse.co.uk\/es\/?s={search_term_string}\"},\"query-input\":{\"@type\":\"PropertyValueSpecification\",\"valueRequired\":true,\"valueName\":\"search_term_string\"}}],\"inLanguage\":\"es\"}]}<\/script>\n<!-- \/ Yoast SEO plugin. -->","yoast_head_json":{"title":"Mapa del sitio - ISI","robots":{"index":"noindex","follow":"follow","max-snippet":"max-snippet:-1","max-image-preview":"max-image-preview:large","max-video-preview":"max-video-preview:-1"},"og_locale":"es_ES","og_type":"article","og_title":"Mapa del sitio - ISI","og_description":"HomeMapa del sitioHogarCompa\u00f1\u00edaConsultas de prensaAboutPeopleESG y RSCCarreras profesionalesContactoSolutionsSectorEmpresasLado compradorServicios profesionalesProductos b\u00e1sicos IntelCEIC BuysideEmpresas CEICCEIC para el GobiernoBancos de inversi\u00f3n y comercialesServicios profesionalesGobiernoAcademiaChallengeAcelerar la investigaci\u00f3nIdentifique las oportunidades de los mercados emergentes con anticipaci\u00f3n.Identificar las tendencias macroInteligencia estrat\u00e9gica de la industriaMejorar la estrategia de carteraFortalecer las decisiones crediticiasGenerar oportunidades de fusiones y adquisiciones y de cr\u00e9dito.ProductsISICEICGlobal MacroWorld Trend PlusASEANBrasilPorcelanaIndiaRusiaFrecuencia altaPunto en el&hellip;","og_url":"https:\/\/isi.designhouse.co.uk\/es\/mapa-del-sitio-es\/","og_site_name":"ISI","article_modified_time":"2026-03-18T18:43:13+00:00","twitter_card":"summary_large_image","schema":{"@context":"https:\/\/schema.org","@graph":[{"@type":"WebPage","@id":"https:\/\/isi.designhouse.co.uk\/es\/mapa-del-sitio-es\/","url":"https:\/\/isi.designhouse.co.uk\/es\/mapa-del-sitio-es\/","name":"Mapa del sitio - ISI","isPartOf":{"@id":"https:\/\/isi.designhouse.co.uk\/es\/#website"},"datePublished":"2026-01-23T14:31:23+00:00","dateModified":"2026-03-18T18:43:13+00:00","breadcrumb":{"@id":"https:\/\/isi.designhouse.co.uk\/es\/mapa-del-sitio-es\/#breadcrumb"},"inLanguage":"es","potentialAction":[{"@type":"ReadAction","target":["https:\/\/isi.designhouse.co.uk\/es\/mapa-del-sitio-es\/"]}]},{"@type":"BreadcrumbList","@id":"https:\/\/isi.designhouse.co.uk\/es\/mapa-del-sitio-es\/#breadcrumb","itemListElement":[{"@type":"ListItem","position":1,"name":"Home","item":"https:\/\/isi.designhouse.co.uk\/es\/inicio\/"},{"@type":"ListItem","position":2,"name":"Site Map"}]},{"@type":"WebSite","@id":"https:\/\/isi.designhouse.co.uk\/es\/#website","url":"https:\/\/isi.designhouse.co.uk\/es\/","name":"ISI","description":"","potentialAction":[{"@type":"SearchAction","target":{"@type":"EntryPoint","urlTemplate":"https:\/\/isi.designhouse.co.uk\/es\/?s={search_term_string}"},"query-input":{"@type":"PropertyValueSpecification","valueRequired":true,"valueName":"search_term_string"}}],"inLanguage":"es"}]}},"_links":{"self":[{"href":"https:\/\/isi.designhouse.co.uk\/es\/wp-json\/wp\/v2\/pages\/4594","targetHints":{"allow":["GET"]}}],"collection":[{"href":"https:\/\/isi.designhouse.co.uk\/es\/wp-json\/wp\/v2\/pages"}],"about":[{"href":"https:\/\/isi.designhouse.co.uk\/es\/wp-json\/wp\/v2\/types\/page"}],"author":[{"embeddable":true,"href":"https:\/\/isi.designhouse.co.uk\/es\/wp-json\/wp\/v2\/users\/1"}],"replies":[{"embeddable":true,"href":"https:\/\/isi.designhouse.co.uk\/es\/wp-json\/wp\/v2\/comments?post=4594"}],"version-history":[{"count":0,"href":"https:\/\/isi.designhouse.co.uk\/es\/wp-json\/wp\/v2\/pages\/4594\/revisions"}],"wp:attachment":[{"href":"https:\/\/isi.designhouse.co.uk\/es\/wp-json\/wp\/v2\/media?parent=4594"}],"curies":[{"name":"wp","href":"https:\/\/api.w.org\/{rel}","templated":true}]}}