{"id":4592,"date":"2026-01-23T14:31:23","date_gmt":"2026-01-23T14:31:23","guid":{"rendered":"https:\/\/isi.designhouse.co.uk\/site-map\/"},"modified":"2026-03-18T18:43:13","modified_gmt":"2026-03-18T18:43:13","slug":"mapa-witryny-pl","status":"publish","type":"page","link":"https:\/\/isi.designhouse.co.uk\/pl\/mapa-witryny-pl\/","title":{"rendered":"Mapa witryny"},"content":{"rendered":"<div id=\"cs-content\" class=\"cs-content\"><div class=\"cs-content x-global-block x-global-block-4712 e4592-e1\"><div class=\"x-section e4712-e2 m3mw-0 breadcrumbs\" id=\"breadcrumbs\"><div class=\"x-row x-container max width e4712-e3 m3mw-1 m3mw-2\"><div class=\"x-row-inner\"><div class=\"x-col e4712-e4 m3mw-3\"><nav class=\"x-crumbs e4712-e5 m3mw-4\" role=\"navigation\"><ol class=\"x-crumbs-list\" itemscope=\"\" itemtype=\"http:\/\/schema.org\/BreadcrumbList\" aria-label=\"Breadcrumb Navigation\"><li class=\"x-crumbs-list-item\" itemprop=\"itemListElement\" itemscope itemtype=\"http:\/\/schema.org\/ListItem\"><a class=\"x-crumbs-current x-crumbs-link\" itemtype=\"http:\/\/schema.org\/Thing\" itemprop=\"item\" href=\"https:\/\/isi.designhouse.co.uk\/pl\/\" title=\"You Are Here\"><span itemprop=\"name\">Home<\/span><\/a><meta itemprop=\"position\" content=\"1\"><\/li><\/ol><\/nav><\/div><\/div><\/div><\/div><\/div><div class=\"x-section e4592-e2 m3jk-0 m3jk-1 title simple\" id=\"title\"><div class=\"x-row x-container max width e4592-e3 m3jk-3 m3jk-4 m3jk-5\"><div class=\"x-row-inner\"><div class=\"x-col e4592-e4 m3jk-7\"><div class=\"x-text x-content e4592-e5 m3jk-8\"><h1>Mapa witryny<\/h1><\/div><\/div><\/div><\/div><\/div><section class=\"x-section e4592-e6 m3jk-1 m3jk-2\"><div class=\"x-row x-container max width e4592-e7 m3jk-3 m3jk-4 m3jk-6\"><div class=\"x-row-inner\"><div class=\"x-col e4592-e8 m3jk-7\"><ul class=\"sitemap\"><li><h2><a href=\"https:\/\/isi.designhouse.co.uk\/pl\/\">Dom<\/a><\/h2><\/li><li><h2><a href=\"https:\/\/isi.designhouse.co.uk\/pl\/firma-pl\/\">Firma<\/a><\/h2><ul><li><a href=\"https:\/\/isi.designhouse.co.uk\/pl\/firma-pl\/zapytania-prasowe-pl\/\">Zapytania prasowe<\/a><\/li><li><a href=\"https:\/\/isi.designhouse.co.uk\/pl\/about\/\">About<\/a><\/li><li><a href=\"https:\/\/isi.designhouse.co.uk\/pl\/people\/\">People<\/a><\/li><li><a href=\"https:\/\/isi.designhouse.co.uk\/pl\/esg-csr\/\">ESG i CSR<\/a><\/li><li><a href=\"https:\/\/isi.designhouse.co.uk\/pl\/careers\/\">Kariera<\/a><\/li><li><a href=\"https:\/\/isi.designhouse.co.uk\/pl\/contact\/\">Kontakt<\/a><\/li><\/ul><\/li><li class=\"solutions\"><h2><span>Solutions<\/span><\/h2><ul><li><h3><span>Sector<\/span><\/h3><ul><li><a href=\"https:\/\/isi.designhouse.co.uk\/pl\/solution\/korporacje-pl\/\">Korporacje<\/a><\/li><li><a href=\"https:\/\/isi.designhouse.co.uk\/pl\/solution\/strona-kupujaca-pl\/\">Strona kupuj\u0105ca<\/a><\/li><li><a href=\"https:\/\/isi.designhouse.co.uk\/pl\/solution\/uslugi-profesjonalne-pl\/\">Us\u0142ugi profesjonalne<\/a><\/li><li><a href=\"https:\/\/isi.designhouse.co.uk\/pl\/solution\/towary-intel-pl\/\">Towary Intel<\/a><\/li><li><a href=\"https:\/\/isi.designhouse.co.uk\/pl\/solution\/ceic-buyside-pl\/\">CEIC Buyside<\/a><\/li><li><a href=\"https:\/\/isi.designhouse.co.uk\/pl\/solution\/ceic-corporates-pl\/\">CEIC Corporates<\/a><\/li><li><a href=\"https:\/\/isi.designhouse.co.uk\/pl\/solution\/ceic-dla-rzadu-pl\/\">CEIC dla rz\u0105du<\/a><\/li><li><a href=\"https:\/\/isi.designhouse.co.uk\/pl\/solution\/banki-inwestycyjne-i-komercyjne-pl\/\">Banki inwestycyjne i komercyjne<\/a><\/li><li><a href=\"https:\/\/isi.designhouse.co.uk\/pl\/solution\/uslugi-profesjonalne-pl\/\">Us\u0142ugi profesjonalne<\/a><\/li><li><a href=\"https:\/\/isi.designhouse.co.uk\/pl\/solution\/rzad-pl\/\">Rz\u0105d<\/a><\/li><li><a href=\"https:\/\/isi.designhouse.co.uk\/pl\/solution\/akademia-pl\/\">Akademia<\/a><\/li><\/ul><\/li><li><h3><span>Challenge<\/span><\/h3><ul><li><a href=\"https:\/\/isi.designhouse.co.uk\/pl\/solution\/przyspiesz-badania-pl\/\">Przyspiesz badania<\/a><\/li><li><a href=\"https:\/\/isi.designhouse.co.uk\/pl\/solution\/wczesne-wykrywanie-mozliwosci-na-rynkach-wschodzacych-pl\/\">Wczesne wykrywanie mo\u017cliwo\u015bci na rynkach wschodz\u0105cych<\/a><\/li><li><a href=\"https:\/\/isi.designhouse.co.uk\/pl\/solution\/identyfikuj-trendy-makroekonomiczne-pl\/\">Identyfikuj trendy makroekonomiczne<\/a><\/li><li><a href=\"https:\/\/isi.designhouse.co.uk\/pl\/solution\/strategiczne-informacje-branzowe-pl\/\">Strategiczne informacje bran\u017cowe<\/a><\/li><li><a href=\"https:\/\/isi.designhouse.co.uk\/pl\/solution\/ulepsz-strategie-portfela-pl\/\">Ulepsz strategi\u0119 portfela<\/a><\/li><li><a href=\"https:\/\/isi.designhouse.co.uk\/pl\/solution\/wzmocnij-decyzje-kredytowe-pl\/\">Wzmocnij decyzje kredytowe<\/a><\/li><li><a href=\"https:\/\/isi.designhouse.co.uk\/pl\/solution\/zrodlo-fuzji-i-przejec-oraz-mozliwosci-kredytowych-pl\/\">\u0179r\u00f3d\u0142o fuzji i przej\u0119\u0107 oraz mo\u017cliwo\u015bci kredytowych<\/a><\/li><\/ul><\/li><\/ul><\/li><li class=\"products\"><h2><span>Products<\/span><\/h2><ul><li><h3><a href=\"https:\/\/isi.designhouse.co.uk\/pl\/product\/isi-pl\/\">ISI<\/a><\/h3><\/li><li><h3><a href=\"https:\/\/isi.designhouse.co.uk\/pl\/product\/ceic-pl\/\">CEIC<\/a><\/h3><ul><li><a href=\"https:\/\/isi.designhouse.co.uk\/pl\/product\/ceic-pl\/global-macro-pl\/\">Global Macro<\/a><\/li><li><a href=\"https:\/\/isi.designhouse.co.uk\/pl\/product\/ceic-pl\/world-trend-plus-pl\/\">World Trend Plus<\/a><\/li><li><a href=\"https:\/\/isi.designhouse.co.uk\/pl\/product\/ceic-pl\/asean-pl\/\">ASEAN<\/a><\/li><li><a href=\"https:\/\/isi.designhouse.co.uk\/pl\/product\/ceic-pl\/brazylia-pl\/\">Brazylia<\/a><\/li><li><a href=\"https:\/\/isi.designhouse.co.uk\/pl\/product\/ceic-pl\/chiny-pl\/\">Chiny<\/a><\/li><li><a href=\"https:\/\/isi.designhouse.co.uk\/pl\/product\/ceic-pl\/indie-pl\/\">Indie<\/a><\/li><li><a href=\"https:\/\/isi.designhouse.co.uk\/pl\/product\/ceic-pl\/rosja-pl\/\">Rosja<\/a><\/li><li><a href=\"https:\/\/isi.designhouse.co.uk\/pl\/product\/ceic-pl\/wysoka-czestotliwosc-pl\/\">Wysoka cz\u0119stotliwo\u015b\u0107<\/a><\/li><li><a href=\"https:\/\/isi.designhouse.co.uk\/pl\/product\/ceic-pl\/punkt-w-czasie-pl\/\">Punkt w czasie<\/a><\/li><\/ul><\/li><li><h3><a href=\"https:\/\/isi.designhouse.co.uk\/pl\/product\/emis-pl\/\">EMIS<\/a><\/h3><ul><li><a href=\"https:\/\/isi.designhouse.co.uk\/pl\/product\/emis-pl\/wywiad-rynkowy-i-planowanie-strategiczne-pl\/\">Wywiad rynkowy i planowanie strategiczne<\/a><\/li><li><a href=\"https:\/\/isi.designhouse.co.uk\/pl\/product\/emis-pl\/badania-biznesowe-pl\/\">Badania biznesowe<\/a><\/li><li><a href=\"https:\/\/isi.designhouse.co.uk\/pl\/product\/emis-pl\/ma-investment-pl\/\">M&amp;A Investment<\/a><\/li><li><a href=\"https:\/\/isi.designhouse.co.uk\/pl\/product\/emis-pl\/credit-risk-pl\/\">Credit &amp; Risk<\/a><\/li><li><a href=\"https:\/\/isi.designhouse.co.uk\/pl\/product\/emis-pl\/sprzedaz-i-marketing-pl\/\">Sprzeda\u017c i marketing<\/a><\/li><li><a href=\"https:\/\/isi.designhouse.co.uk\/pl\/product\/emis-pl\/badania-naukowe-pl\/\">Badania naukowe<\/a><\/li><\/ul><\/li><li><h3><a href=\"https:\/\/isi.designhouse.co.uk\/pl\/product\/epfr-pl\/\">EPFR<\/a><\/h3><ul><li><a href=\"https:\/\/isi.designhouse.co.uk\/pl\/product\/epfr-pl\/przeplywy-i-alokacje-funduszy-pl\/\">Przep\u0142ywy i alokacje funduszy<\/a><\/li><li><a href=\"https:\/\/isi.designhouse.co.uk\/pl\/product\/epfr-pl\/poziom-bezpieczenstwa-pl\/\">Poziom bezpiecze\u0144stwa<\/a><\/li><li><a href=\"https:\/\/isi.designhouse.co.uk\/pl\/product\/epfr-pl\/specjalistyczne-rozwiazania-pl\/\">Specjalistyczne rozwi\u0105zania<\/a><\/li><\/ul><\/li><li><h3><a href=\"https:\/\/isi.designhouse.co.uk\/pl\/product\/redd-pl\/\">REDD<\/a><\/h3><ul><li><a href=\"https:\/\/isi.designhouse.co.uk\/pl\/product\/redd-pl\/dlug-suwerenny-pl\/\">D\u0142ug suwerenny<\/a><\/li><li><a href=\"https:\/\/isi.designhouse.co.uk\/pl\/product\/redd-pl\/dlug-korporacyjny-pl\/\">D\u0142ug korporacyjny<\/a><\/li><\/ul><\/li><li><h3><a href=\"https:\/\/isi.designhouse.co.uk\/pl\/product\/imoneynet-pl\/\">iMoneyNet<\/a><\/h3><\/li><\/ul><\/li><li class=\"posts\"><h2><a href=\"https:\/\/isi.designhouse.co.uk\/pl\/wiadomosci-i-spostrzezenia-pl\/\">Wiadomo\u015bci i spostrze\u017cenia<\/a><\/h2><ul><li><h3>Categories<\/h3><ul><li><a href=\"\/news\/press-releases\/\">Press Releases<\/a><\/li><li><a href=\"\/news\/publications\/\">Publications<\/a><\/li><li><a href=\"\/news\/quants-corner\/\">Quants Corner<\/a><\/li><\/ul><\/li><li><h3>Topics<\/h3><ul><li><a href=\"\/news\/tag\/academic-research\/\">Academic Research<\/a><\/li><li><a href=\"\/news\/tag\/africa\/\">Africa<\/a><\/li><li><a href=\"\/news\/tag\/ai\/\">AI<\/a><\/li><li><a href=\"\/news\/tag\/asean\/\">ASEAN<\/a><\/li><li><a href=\"\/news\/tag\/asset-allocations\/\">Asset Allocations<\/a><\/li><li><a href=\"\/news\/tag\/awards\/\">Awards<\/a><\/li><li><a href=\"\/news\/tag\/banking\/\">Banking<\/a><\/li><li><a href=\"\/news\/tag\/bond-flows\/\">Bond Flows<\/a><\/li><li><a href=\"\/news\/tag\/bond-funds\/\">Bond Funds<\/a><\/li><li><a href=\"\/news\/tag\/brazil\/\">Brazil<\/a><\/li><li><a href=\"\/news\/tag\/business-research\/\">Business Research<\/a><\/li><li><a href=\"\/news\/tag\/central-banks\/\">Central Banks<\/a><\/li><li><a href=\"\/news\/tag\/china\/\">China<\/a><\/li><li><a href=\"\/news\/tag\/china-a-shares\/\">China A Shares<\/a><\/li><li><a href=\"\/news\/tag\/company-intelligence\/\">Company Intelligence<\/a><\/li><li><a href=\"\/news\/tag\/daily-fund-flows\/\">Daily Fund Flows<\/a><\/li><li><a href=\"\/news\/tag\/developed-markets\/\">Developed Markets<\/a><\/li><li><a href=\"\/news\/tag\/emerging-markets\/\">Emerging Markets<\/a><\/li><li><a href=\"\/news\/tag\/equity-fund-flows\/\">Equity Fund Flows<\/a><\/li><li><a href=\"\/news\/tag\/equity-funds\/\">Equity Funds<\/a><\/li><li><a href=\"\/news\/tag\/esg-fund-flows\/\">ESG Fund Flows<\/a><\/li><li><a href=\"\/news\/tag\/etf-fund-flows\/\">ETF Fund Flows<\/a><\/li><li><a href=\"\/news\/tag\/financial-markets\/\">Financial Markets Data<\/a><\/li><li><a href=\"\/news\/tag\/fund-flows\/\">Fund Flows<\/a><\/li><li><a href=\"\/news\/tag\/industry-research\/\">Industry Research<\/a><\/li><li><a href=\"\/news\/tag\/inflation\/\">Inflation<\/a><\/li><li><a href=\"\/news\/tag\/investor-sentiment\/\">Investor Sentiment<\/a><\/li><li><a href=\"\/news\/tag\/m-and-a\/\">M&amp;A &amp; Investment<\/a><\/li><li><a href=\"\/news\/tag\/market-analysis\/\">Market Analysis<\/a><\/li><li><a href=\"\/news\/tag\/market-intelligence\/\">Market Intelligence<\/a><\/li><li><a href=\"\/news\/tag\/mergers-and-acquisitions\/\">Mergers and Acquisitions<\/a><\/li><li><a href=\"\/news\/tag\/money-market-fund-flows\/\">Money Market Fund Flows<\/a><\/li><li><a href=\"\/news\/tag\/multimedia\/\">Multimedia<\/a><\/li><li><a href=\"\/news\/tag\/mutual-fund-flows\/\">Mutual Fund Flows<\/a><\/li><li><a href=\"\/news\/tag\/press-releases\/\">Press Releases<\/a><\/li><li><a href=\"\/news\/tag\/quantamental\/\">Quantamental<\/a><\/li><li><a href=\"\/news\/tag\/retail-flows\/\">Retail Flows<\/a><\/li><li><a href=\"\/news\/tag\/sovereign-debt\/\">Sovereign Debt<\/a><\/li><li><a href=\"\/news\/tag\/sri\/\">SRI<\/a><\/li><li><a href=\"\/news\/tag\/technology-funds\/\">Technology Funds<\/a><\/li><li><a href=\"\/news\/tag\/top-deals\/\">Top Deals<\/a><\/li><\/ul><\/li><li><h3>Regions<\/h3><ul><li><a href=\"\/region\/africa\/\">Africa<\/a><\/li><li><a href=\"\/region\/asean\/\">ASEAN<\/a><\/li><li><a href=\"\/region\/brazil\/\">Brazil<\/a><\/li><li><a href=\"\/region\/cee\/\">CEE<\/a><\/li><li><a href=\"\/region\/ceemea\/\">CEEMEA<\/a><\/li><li><a href=\"\/region\/china\/\">Chinese Mainland<\/a><\/li><li><a href=\"\/region\/colombia\/\">Colombia<\/a><\/li><li><a href=\"\/region\/europe\/\">Europe<\/a><\/li><li><a href=\"\/region\/india\/\">India<\/a><\/li><li><a href=\"\/region\/japan\/\">Japan<\/a><\/li><li><a href=\"\/region\/latam\/\">LATAM<\/a><\/li><li><a href=\"\/region\/poland\/\">Poland<\/a><\/li><\/ul><\/li><li><h3>Products<\/h3><ul><li><a href=\"\/news\/product\/emis\/\">EMIS<\/a><\/li><\/ul><\/li><\/ul><\/li><li class=\"events\"><h2><a href=\"https:\/\/isi.designhouse.co.uk\/pl\/events\/\">Events<\/a><\/h2><ul><li><h3>Future Events<\/h3><\/li><li><h3>Past Events<\/h3><\/li><li><h3>Topics<\/h3><ul><li><a href=\"\/events\/tag\/ai\/\">AI<\/a><\/li><li><a href=\"\/events\/tag\/asean\/\">ASEAN<\/a><\/li><li><a href=\"\/events\/tag\/emerging-markets\/\">Emerging Markets<\/a><\/li><li><a href=\"\/events\/tag\/energy\/\">Energy<\/a><\/li><li><a href=\"\/events\/tag\/fintech\/\">Fintech<\/a><\/li><li><a href=\"\/events\/tag\/insurance\/\">Insurance<\/a><\/li><li><a href=\"\/events\/tag\/market-intelligence\/\">Market Intelligence<\/a><\/li><\/ul><\/li><li><h3>Regions<\/h3><ul><li><a href=\"\/events\/region\/asean\/\">ASEAN<\/a><\/li><li><a href=\"\/events\/region\/cee\/\">CEE<\/a><\/li><li><a href=\"\/events\/region\/europe\/\">Europe<\/a><\/li><li><a href=\"\/events\/region\/india\/\">India<\/a><\/li><li><a href=\"\/events\/region\/latam\/\">LATAM<\/a><\/li><li><a href=\"\/events\/region\/us\/\">United States<\/a><\/li><\/ul><\/li><li><h3>Products<\/h3><ul><li><a href=\"\/events\/product\/emis\/\">EMIS<\/a><\/li><\/ul><\/li><\/ul><\/li><li><h2><a href=\"https:\/\/isi.designhouse.co.uk\/pl\/zblizac-sie-pl\/\">Zbli\u017ca\u0107 si\u0119<\/a><\/h2><ul><li><a href=\"https:\/\/isi.designhouse.co.uk\/pl\/data-delivery\/\">Dostarczanie danych<\/a><\/li><li><a href=\"https:\/\/isi.designhouse.co.uk\/pl\/ai\/\">Jak stosujemy sztuczn\u0105 inteligencj\u0119<\/a><\/li><li><a href=\"https:\/\/isi.designhouse.co.uk\/pl\/partnerships\/\">Partnerstwa w zakresie tre\u015bci<\/a><\/li><li><a href=\"https:\/\/isi.designhouse.co.uk\/pl\/customer-success\/\">Sukces klienta<\/a><\/li><\/ul><\/li><li><a href=\"https:\/\/isi.designhouse.co.uk\/pl\/demo\/\">Request Demo<\/a><\/li><li><h2><a href=\"https:\/\/isi.designhouse.co.uk\/pl\/newsletter\/\">Newsletter<\/a><\/h2><ul><li><a href=\"https:\/\/isi.designhouse.co.uk\/pl\/newsletter\/zapisz-sie-do-newslettera-ceic-pl\/\">Zapisz si\u0119 do newslettera CEIC<\/a><\/li><li><a href=\"https:\/\/isi.designhouse.co.uk\/pl\/newsletter\/zapisz-sie-do-newslettera-emis-pl\/\">Zapisz si\u0119 do newslettera EMIS<\/a><\/li><li><a href=\"https:\/\/isi.designhouse.co.uk\/pl\/newsletter\/zapisz-sie-do-newslettera-epfr-pl\/\">Zapisz si\u0119 do newslettera EPFR<\/a><\/li><\/ul><\/li><li><a href=\"https:\/\/isi.designhouse.co.uk\/pl\/warunki-korzystania-z-serwisu-pl\/\">Warunki korzystania z serwisu<\/a><\/li><li><a href=\"https:\/\/isi.designhouse.co.uk\/pl\/polityka-prywatnosci-pl\/\">Polityka prywatno\u015bci<\/a><\/li><li><a href=\"https:\/\/isi.designhouse.co.uk\/pl\/polityka-plikow-cookie-pl\/\">Polityka plik\u00f3w cookie<\/a><\/li><li><a href=\"https:\/\/isi.designhouse.co.uk\/pl\/mapa-witryny-pl\/\">Mapa witryny<\/a><\/li><li><a href=\"https:\/\/isi.designhouse.co.uk\/pl\/logowanie-redd-pl\/\">Logowanie REDD<\/a><\/li><li><a href=\"https:\/\/isi.designhouse.co.uk\/pl\/logowanie-do-imoneynet-pl\/\">Logowanie do iMoneyNet<\/a><\/li><li><a href=\"https:\/\/isi.designhouse.co.uk\/pl\/strona-nie-znaleziona-pl\/\">Strona nie znaleziona<\/a><\/li><\/ul><\/div><\/div><\/div><\/section><\/div>","protected":false},"excerpt":{"rendered":"<p>HomeMapa witrynyDomFirmaZapytania prasoweAboutPeopleESG i CSRKarieraKontaktSolutionsSectorKorporacjeStrona kupuj\u0105caUs\u0142ugi profesjonalneTowary IntelCEIC BuysideCEIC CorporatesCEIC dla rz\u0105duBanki inwestycyjne i komercyjneUs\u0142ugi profesjonalneRz\u0105dAkademiaChallengePrzyspiesz badaniaWczesne wykrywanie mo\u017cliwo\u015bci na rynkach wschodz\u0105cychIdentyfikuj trendy makroekonomiczneStrategiczne informacje bran\u017coweUlepsz strategi\u0119 portfelaWzmocnij decyzje kredytowe\u0179r\u00f3d\u0142o fuzji i przej\u0119\u0107 oraz mo\u017cliwo\u015bci kredytowychProductsISICEICGlobal MacroWorld Trend PlusASEANBrazyliaChinyIndieRosjaWysoka cz\u0119stotliwo\u015b\u0107Punkt w czasieEMISWywiad rynkowy i planowanie strategiczneBadania biznesoweM&amp;A InvestmentCredit &amp; RiskSprzeda\u017c i marketingBadania naukoweEPFRPrzep\u0142ywy i alokacje funduszyPoziom bezpiecze\u0144stwaSpecjalistyczne rozwi\u0105zaniaREDDD\u0142ug suwerennyD\u0142ug korporacyjnyiMoneyNetWiadomo\u015bci&hellip;<\/p>\n","protected":false},"author":1,"featured_media":0,"parent":0,"menu_order":95,"comment_status":"closed","ping_status":"closed","template":"template-blank-4.php","meta":{"cpa_authors":[],"cpa_override_default":false,"footnotes":""},"class_list":["post-4592","page","type-page","status-publish","hentry","no-post-thumbnail"],"yoast_head":"<!-- This site is optimized with the Yoast SEO plugin v27.2 - https:\/\/yoast.com\/product\/yoast-seo-wordpress\/ -->\n<title>Mapa witryny - ISI<\/title>\n<meta name=\"robots\" content=\"noindex, follow, max-snippet:-1, max-image-preview:large, max-video-preview:-1\" \/>\n<meta property=\"og:locale\" content=\"pl_PL\" \/>\n<meta property=\"og:type\" content=\"article\" \/>\n<meta property=\"og:title\" content=\"Mapa witryny - ISI\" \/>\n<meta property=\"og:description\" content=\"HomeMapa witrynyDomFirmaZapytania prasoweAboutPeopleESG i CSRKarieraKontaktSolutionsSectorKorporacjeStrona kupuj\u0105caUs\u0142ugi profesjonalneTowary IntelCEIC BuysideCEIC CorporatesCEIC dla rz\u0105duBanki inwestycyjne i komercyjneUs\u0142ugi profesjonalneRz\u0105dAkademiaChallengePrzyspiesz badaniaWczesne wykrywanie mo\u017cliwo\u015bci na rynkach wschodz\u0105cychIdentyfikuj trendy makroekonomiczneStrategiczne informacje bran\u017coweUlepsz strategi\u0119 portfelaWzmocnij decyzje kredytowe\u0179r\u00f3d\u0142o fuzji i przej\u0119\u0107 oraz mo\u017cliwo\u015bci kredytowychProductsISICEICGlobal MacroWorld Trend PlusASEANBrazyliaChinyIndieRosjaWysoka cz\u0119stotliwo\u015b\u0107Punkt w czasieEMISWywiad rynkowy i planowanie strategiczneBadania biznesoweM&amp;A InvestmentCredit &amp; RiskSprzeda\u017c i marketingBadania naukoweEPFRPrzep\u0142ywy i alokacje funduszyPoziom bezpiecze\u0144stwaSpecjalistyczne rozwi\u0105zaniaREDDD\u0142ug suwerennyD\u0142ug korporacyjnyiMoneyNetWiadomo\u015bci&hellip;\" \/>\n<meta property=\"og:url\" content=\"https:\/\/isi.designhouse.co.uk\/pl\/mapa-witryny-pl\/\" \/>\n<meta property=\"og:site_name\" content=\"ISI\" \/>\n<meta property=\"article:modified_time\" content=\"2026-03-18T18:43:13+00:00\" \/>\n<meta name=\"twitter:card\" content=\"summary_large_image\" \/>\n<script type=\"application\/ld+json\" class=\"yoast-schema-graph\">{\"@context\":\"https:\/\/schema.org\",\"@graph\":[{\"@type\":\"WebPage\",\"@id\":\"https:\/\/isi.designhouse.co.uk\/pl\/mapa-witryny-pl\/\",\"url\":\"https:\/\/isi.designhouse.co.uk\/pl\/mapa-witryny-pl\/\",\"name\":\"Mapa witryny - ISI\",\"isPartOf\":{\"@id\":\"https:\/\/isi.designhouse.co.uk\/pl\/#website\"},\"datePublished\":\"2026-01-23T14:31:23+00:00\",\"dateModified\":\"2026-03-18T18:43:13+00:00\",\"breadcrumb\":{\"@id\":\"https:\/\/isi.designhouse.co.uk\/pl\/mapa-witryny-pl\/#breadcrumb\"},\"inLanguage\":\"pl-PL\",\"potentialAction\":[{\"@type\":\"ReadAction\",\"target\":[\"https:\/\/isi.designhouse.co.uk\/pl\/mapa-witryny-pl\/\"]}]},{\"@type\":\"BreadcrumbList\",\"@id\":\"https:\/\/isi.designhouse.co.uk\/pl\/mapa-witryny-pl\/#breadcrumb\",\"itemListElement\":[{\"@type\":\"ListItem\",\"position\":1,\"name\":\"Home\",\"item\":\"https:\/\/isi.designhouse.co.uk\/pl\/\"},{\"@type\":\"ListItem\",\"position\":2,\"name\":\"Site Map\"}]},{\"@type\":\"WebSite\",\"@id\":\"https:\/\/isi.designhouse.co.uk\/pl\/#website\",\"url\":\"https:\/\/isi.designhouse.co.uk\/pl\/\",\"name\":\"ISI\",\"description\":\"\",\"potentialAction\":[{\"@type\":\"SearchAction\",\"target\":{\"@type\":\"EntryPoint\",\"urlTemplate\":\"https:\/\/isi.designhouse.co.uk\/pl\/?s={search_term_string}\"},\"query-input\":{\"@type\":\"PropertyValueSpecification\",\"valueRequired\":true,\"valueName\":\"search_term_string\"}}],\"inLanguage\":\"pl-PL\"}]}<\/script>\n<!-- \/ Yoast SEO plugin. -->","yoast_head_json":{"title":"Mapa witryny - ISI","robots":{"index":"noindex","follow":"follow","max-snippet":"max-snippet:-1","max-image-preview":"max-image-preview:large","max-video-preview":"max-video-preview:-1"},"og_locale":"pl_PL","og_type":"article","og_title":"Mapa witryny - ISI","og_description":"HomeMapa witrynyDomFirmaZapytania prasoweAboutPeopleESG i CSRKarieraKontaktSolutionsSectorKorporacjeStrona kupuj\u0105caUs\u0142ugi profesjonalneTowary IntelCEIC BuysideCEIC CorporatesCEIC dla rz\u0105duBanki inwestycyjne i komercyjneUs\u0142ugi profesjonalneRz\u0105dAkademiaChallengePrzyspiesz badaniaWczesne wykrywanie mo\u017cliwo\u015bci na rynkach wschodz\u0105cychIdentyfikuj trendy makroekonomiczneStrategiczne informacje bran\u017coweUlepsz strategi\u0119 portfelaWzmocnij decyzje kredytowe\u0179r\u00f3d\u0142o fuzji i przej\u0119\u0107 oraz mo\u017cliwo\u015bci kredytowychProductsISICEICGlobal MacroWorld Trend PlusASEANBrazyliaChinyIndieRosjaWysoka cz\u0119stotliwo\u015b\u0107Punkt w czasieEMISWywiad rynkowy i planowanie strategiczneBadania biznesoweM&amp;A InvestmentCredit &amp; RiskSprzeda\u017c i marketingBadania naukoweEPFRPrzep\u0142ywy i alokacje funduszyPoziom bezpiecze\u0144stwaSpecjalistyczne rozwi\u0105zaniaREDDD\u0142ug suwerennyD\u0142ug korporacyjnyiMoneyNetWiadomo\u015bci&hellip;","og_url":"https:\/\/isi.designhouse.co.uk\/pl\/mapa-witryny-pl\/","og_site_name":"ISI","article_modified_time":"2026-03-18T18:43:13+00:00","twitter_card":"summary_large_image","schema":{"@context":"https:\/\/schema.org","@graph":[{"@type":"WebPage","@id":"https:\/\/isi.designhouse.co.uk\/pl\/mapa-witryny-pl\/","url":"https:\/\/isi.designhouse.co.uk\/pl\/mapa-witryny-pl\/","name":"Mapa witryny - ISI","isPartOf":{"@id":"https:\/\/isi.designhouse.co.uk\/pl\/#website"},"datePublished":"2026-01-23T14:31:23+00:00","dateModified":"2026-03-18T18:43:13+00:00","breadcrumb":{"@id":"https:\/\/isi.designhouse.co.uk\/pl\/mapa-witryny-pl\/#breadcrumb"},"inLanguage":"pl-PL","potentialAction":[{"@type":"ReadAction","target":["https:\/\/isi.designhouse.co.uk\/pl\/mapa-witryny-pl\/"]}]},{"@type":"BreadcrumbList","@id":"https:\/\/isi.designhouse.co.uk\/pl\/mapa-witryny-pl\/#breadcrumb","itemListElement":[{"@type":"ListItem","position":1,"name":"Home","item":"https:\/\/isi.designhouse.co.uk\/pl\/"},{"@type":"ListItem","position":2,"name":"Site Map"}]},{"@type":"WebSite","@id":"https:\/\/isi.designhouse.co.uk\/pl\/#website","url":"https:\/\/isi.designhouse.co.uk\/pl\/","name":"ISI","description":"","potentialAction":[{"@type":"SearchAction","target":{"@type":"EntryPoint","urlTemplate":"https:\/\/isi.designhouse.co.uk\/pl\/?s={search_term_string}"},"query-input":{"@type":"PropertyValueSpecification","valueRequired":true,"valueName":"search_term_string"}}],"inLanguage":"pl-PL"}]}},"_links":{"self":[{"href":"https:\/\/isi.designhouse.co.uk\/pl\/wp-json\/wp\/v2\/pages\/4592","targetHints":{"allow":["GET"]}}],"collection":[{"href":"https:\/\/isi.designhouse.co.uk\/pl\/wp-json\/wp\/v2\/pages"}],"about":[{"href":"https:\/\/isi.designhouse.co.uk\/pl\/wp-json\/wp\/v2\/types\/page"}],"author":[{"embeddable":true,"href":"https:\/\/isi.designhouse.co.uk\/pl\/wp-json\/wp\/v2\/users\/1"}],"replies":[{"embeddable":true,"href":"https:\/\/isi.designhouse.co.uk\/pl\/wp-json\/wp\/v2\/comments?post=4592"}],"version-history":[{"count":0,"href":"https:\/\/isi.designhouse.co.uk\/pl\/wp-json\/wp\/v2\/pages\/4592\/revisions"}],"wp:attachment":[{"href":"https:\/\/isi.designhouse.co.uk\/pl\/wp-json\/wp\/v2\/media?parent=4592"}],"curies":[{"name":"wp","href":"https:\/\/api.w.org\/{rel}","templated":true}]}}