{"id":4622,"date":"2026-01-19T15:42:41","date_gmt":"2026-01-19T15:42:41","guid":{"rendered":"https:\/\/isi.designhouse.co.uk\/ai\/"},"modified":"2026-03-18T18:43:12","modified_gmt":"2026-03-18T18:43:12","slug":"jak-stosujemy-sztuczna-inteligencje-pl","status":"publish","type":"page","link":"https:\/\/isi.designhouse.co.uk\/pl\/ai\/","title":{"rendered":"Jak stosujemy sztuczn\u0105 inteligencj\u0119"},"content":{"rendered":"<div id=\"cs-content\" class=\"cs-content\"><div class=\"x-section e4622-e1 m3ke-0 breadcrumbs\" id=\"breadcrumbs\"><div class=\"x-row x-container max width e4622-e2 m3ke-1 m3ke-2 m3ke-3 m3ke-4 m3ke-5 m3ke-b\"><div class=\"x-row-inner\"><div class=\"x-col e4622-e3 m3ke-t\"><nav class=\"x-crumbs e4622-e4 m3ke-v\" role=\"navigation\"><ol class=\"x-crumbs-list\" itemscope=\"\" itemtype=\"http:\/\/schema.org\/BreadcrumbList\" aria-label=\"Breadcrumb Navigation\"><li class=\"x-crumbs-list-item\" itemprop=\"itemListElement\" itemscope itemtype=\"http:\/\/schema.org\/ListItem\"><a class=\"x-crumbs-current x-crumbs-link\" itemtype=\"http:\/\/schema.org\/Thing\" itemprop=\"item\" href=\"https:\/\/isi.designhouse.co.uk\/pl\/\" title=\"You Are Here\"><span itemprop=\"name\">Home<\/span><\/a><meta itemprop=\"position\" content=\"1\"><\/li><\/ol><\/nav><\/div><\/div><\/div><\/div><div class=\"x-section e4622-e5 m3ke-0 hero title\" id=\"title\"><div class=\"x-row x-container max width e4622-e6 m3ke-1 m3ke-2 m3ke-3 m3ke-6 m3ke-c m3ke-d\"><div class=\"x-row-inner\"><div class=\"x-col e4622-e7 m3ke-t\"><span class=\"x-image e4622-e8 m3ke-w m3ke-x shorten\"><img decoding=\"async\" src=\"https:\/\/isi.designhouse.co.uk\/wp-content\/uploads\/AI_Banner-scaled.png\" width=\"1280\" height=\"853\" alt=\"Image\" loading=\"lazy\"><\/span><\/div><\/div><\/div><div class=\"x-row x-container max width e4622-e9 m3ke-1 m3ke-2 m3ke-3 m3ke-6 m3ke-c m3ke-e\"><div class=\"x-row-inner\"><div class=\"x-col e4622-e10 m3ke-t\"><div class=\"x-text x-content e4622-e11 m3ke-y m3ke-z\"><h1>Jak stosujemy sztuczn\u0105 inteligencj\u0119<\/h1>\n<h2><mark>Leveraging AI to transform content and data into insights<\/mark><\/h2><\/div><\/div><\/div><\/div><div class=\"x-row x-container max width e4622-e12 m3ke-1 m3ke-2 m3ke-3 m3ke-6 m3ke-c m3ke-f\"><div class=\"x-row-inner\"><div class=\"x-col e4622-e13 m3ke-t\"><div class=\"x-text x-content e4622-e14 m3ke-y m3ke-z\">At ISI, we help clients overcome critical challenges, such as reducing the risk of missing crucial data, uncovering key insights from large volumes of data, and accelerating the identification, processing, and sharing of content.<\/div><\/div><\/div><\/div><\/div><section class=\"x-section e4622-e15 m3ke-0\"><div class=\"x-row x-container max width e4622-e16 m3ke-1 m3ke-3 m3ke-6 m3ke-7 m3ke-c m3ke-g\"><div class=\"x-row-inner\"><div class=\"x-col e4622-e17 m3ke-t m3ke-u\"><div class=\"x-text x-content e4622-e18 m3ke-y m3ke-10\"><p>We empowered our clients with actionable intelligence facilitated by artificial intelligence and machine learning capabilities.<\/p>\n<p>Our technology works to uncover trends and issues that might otherwise remain hidden within such a large repository of multi-lingual, multi-source content, and to turn large volumes of high-frequency and alternative data into timely, actionable macro insights.<\/p><\/div><\/div><\/div><\/div><\/section><section class=\"x-section e4622-e19 m3ke-0 text-image\"><div class=\"x-row x-container max width e4622-e20 m3ke-1 m3ke-2 m3ke-8 m3ke-9 m3ke-a m3ke-h m3ke-i\" id=\"timelines\"><div class=\"x-row-inner\"><div class=\"x-col e4622-e21 m3ke-t\"><div class=\"x-text x-content e4622-e22 m3ke-y m3ke-z\"><h2>Faster and better data discovery<\/h2>\n<p>ISI' machine learning-powered search solution facilitates data discoverability by providing users with comprehensive and precise search results. Our search understands user queries, analyses their intent, and offers relevant search suggestions, ensuring users can find the information they need, even when dealing with vast and complex datasets.<\/p><\/div><\/div><div class=\"x-col e4622-e23 m3ke-t\"><span class=\"x-image e4622-e24 m3ke-w\"><img decoding=\"async\" src=\"https:\/\/isi.designhouse.co.uk\/wp-content\/uploads\/ai05.webp\" width=\"580\" height=\"580\" alt=\"Image\" loading=\"lazy\"><\/span><\/div><\/div><\/div><div class=\"x-row x-container max width e4622-e25 m3ke-1 m3ke-2 m3ke-4 m3ke-8 m3ke-a m3ke-h m3ke-j\" id=\"unique-coverage\"><div class=\"x-row-inner\"><div class=\"x-col e4622-e26 m3ke-t\"><span class=\"x-image e4622-e27 m3ke-w\"><img decoding=\"async\" src=\"https:\/\/isi.designhouse.co.uk\/wp-content\/uploads\/ai02.webp\" width=\"580\" height=\"580\" alt=\"Image\" loading=\"lazy\"><\/span><\/div><div class=\"x-col e4622-e28 m3ke-t\"><div class=\"x-text x-content e4622-e29 m3ke-y m3ke-z\"><h2>Transforming market intelligence into user advantage<\/h2>\n<p>With our digital research partners in our products EMIS and REDD, we are leveraging artificial intelligence to mimic the reasoning and synthesis capability of human analysts, enhancing productivity and streamlining the research processes. AskEMIS and AskREDD helps users quickly discover content, analyse data, and generate insights withinour products.<\/p><\/div><\/div><\/div><\/div><\/section><section class=\"x-section e4622-e30 m3ke-0 text-image\"><div class=\"x-row x-container max width e4622-e31 m3ke-1 m3ke-2 m3ke-8 m3ke-9 m3ke-a m3ke-h m3ke-k\"><div class=\"x-row-inner\"><div class=\"x-col e4622-e32 m3ke-t\"><div class=\"x-text x-content e4622-e33 m3ke-y m3ke-z\"><h2>Uncover signals from non-traditional news outlets<\/h2>\n<p>To ensure users don't miss any key signals, our product EMIS meticulously monitors and curates hundreds of thousands non-traditional, public content sources, such as blogs, online business news, and websites from the open web across 197 markets, and provides trustworthy, concise AI-generated business articles in English, including the link to the original local source.<\/p><\/div><\/div><div class=\"x-col e4622-e34 m3ke-t\"><span class=\"x-image e4622-e35 m3ke-w\"><img decoding=\"async\" src=\"https:\/\/isi.designhouse.co.uk\/wp-content\/uploads\/istockphoto-1316753843-1024x1024_watermark.jpg\" width=\"672\" height=\"672\" alt=\"Image\" loading=\"lazy\"><\/span><\/div><\/div><\/div><div class=\"x-row x-container max width e4622-e36 m3ke-1 m3ke-2 m3ke-4 m3ke-8 m3ke-a m3ke-h m3ke-l\"><div class=\"x-row-inner\"><div class=\"x-col e4622-e37 m3ke-t\"><span class=\"x-image e4622-e38 m3ke-w\"><img decoding=\"async\" src=\"https:\/\/isi.designhouse.co.uk\/wp-content\/uploads\/ai01.webp\" width=\"580\" height=\"580\" alt=\"Image\" loading=\"lazy\"><\/span><\/div><div class=\"x-col e4622-e39 m3ke-t\"><div class=\"x-text x-content e4622-e40 m3ke-y m3ke-z\"><h2>Identify trending topics<\/h2>\n<p>To save time and avoid information overload for our clients, we have implemented our Text Analytics Solutions to perform near real-time scanning of EMIS news sources to pinpoint key signals and hidden trends in industries or markets that are happening all over the world.<\/p><\/div><\/div><\/div><\/div><\/section><section class=\"x-section e4622-e41 m3ke-0 text-image\"><div class=\"x-row x-container max width e4622-e42 m3ke-1 m3ke-2 m3ke-8 m3ke-9 m3ke-a m3ke-h m3ke-m\"><div class=\"x-row-inner\"><div class=\"x-col e4622-e43 m3ke-t\"><div class=\"x-text x-content e4622-e44 m3ke-y m3ke-z\"><h2>Improved relevance from advanced data classification<\/h2>\n<p>At EMIS, we aggregate and enrich millions of documents each year by using hundreds of machine learning models for data annotation. This content classification approach ensures that users receive relevant, up-to-date content, saving them valuable time and effort in sourcing and analysing data from various sources manually. For example, users now have access to specifically clustered ESG content.<\/p><\/div><\/div><div class=\"x-col e4622-e45 m3ke-t\"><span class=\"x-image e4622-e46 m3ke-w\"><img decoding=\"async\" src=\"https:\/\/isi.designhouse.co.uk\/wp-content\/uploads\/istockphoto-2256593398-1024x1024_watermark.jpg\" width=\"683\" height=\"683\" alt=\"Image\" loading=\"lazy\"><\/span><\/div><\/div><\/div><div class=\"x-row x-container max width e4622-e47 m3ke-1 m3ke-2 m3ke-4 m3ke-8 m3ke-a m3ke-h m3ke-n\"><div class=\"x-row-inner\"><div class=\"x-col e4622-e48 m3ke-t\"><span class=\"x-image e4622-e49 m3ke-w\"><img decoding=\"async\" src=\"https:\/\/isi.designhouse.co.uk\/wp-content\/uploads\/ai03.webp\" width=\"580\" height=\"580\" alt=\"Image\" loading=\"lazy\"><\/span><\/div><div class=\"x-col e4622-e50 m3ke-t\"><div class=\"x-text x-content e4622-e51 m3ke-y m3ke-z\"><h2>Content personalised to your interests<\/h2>\n<p>In our product, EMIS, we provide its users with personalised content recommendations based on their previous searches within the platform. By understanding user behaviour patterns, the recommendation system can suggest relevant content that aligns with each users' specific interests and needs.<\/p><\/div><\/div><\/div><\/div><\/section><section class=\"x-section e4622-e52 m3ke-0 text-image\"><div class=\"x-row x-container max width e4622-e53 m3ke-1 m3ke-2 m3ke-8 m3ke-9 m3ke-a m3ke-h m3ke-o\"><div class=\"x-row-inner\"><div class=\"x-col e4622-e54 m3ke-t\"><div class=\"x-text x-content e4622-e55 m3ke-y m3ke-z\"><h2>Enhanced company information<\/h2>\n<p>We employ generative AI algorithms in our product EMIS to extract, clean, and structure company information from diverse sources, eliminating manual efforts and reducing errors. This automation streamlines the information retrieval process and empowers users with ready-to-use company insights, enabling informed decision-making in emerging markets.<\/p><\/div><\/div><div class=\"x-col e4622-e56 m3ke-t\"><span class=\"x-image e4622-e57 m3ke-w\"><img decoding=\"async\" src=\"https:\/\/isi.designhouse.co.uk\/wp-content\/uploads\/istockphoto-2163733794-1024x1024_watermark.jpg\" width=\"576\" height=\"576\" alt=\"Image\" loading=\"lazy\"><\/span><\/div><\/div><\/div><div class=\"x-row x-container max width e4622-e58 m3ke-1 m3ke-2 m3ke-4 m3ke-8 m3ke-a m3ke-h m3ke-p\"><div class=\"x-row-inner\"><div class=\"x-col e4622-e59 m3ke-t\"><span class=\"x-image e4622-e60 m3ke-w\"><img decoding=\"async\" src=\"https:\/\/isi.designhouse.co.uk\/wp-content\/uploads\/ai04.webp\" width=\"1160\" height=\"1160\" alt=\"Image\" loading=\"lazy\"><\/span><\/div><div class=\"x-col e4622-e61 m3ke-t\"><div class=\"x-text x-content e4622-e62 m3ke-y m3ke-z\"><h2>Insights generation<\/h2>\n<p>In our product CEIC, we use advanced machine\u2011learning models to generate weekly nowcasts for key economic indicators\u2014including GDP growth, inflation, and labour\u2011market conditions. By combining official statistics with rich, high\u2011frequency data, our models identify economic shifts and turning points far earlier than traditional releases.<\/p><\/div><\/div><\/div><\/div><\/section><section class=\"x-section e4622-e63 m3ke-0 features beige\" id=\"features\"><div class=\"x-row x-container max width e4622-e64 m3ke-1 m3ke-2 m3ke-3 m3ke-9 m3ke-a m3ke-h m3ke-q\"><div class=\"x-row-inner\"><div class=\"x-col e4622-e65 m3ke-t\"><div class=\"x-text x-content e4622-e66 m3ke-y m3ke-z\"><h2>Why teams use ISI<\/h2><\/div><\/div><div class=\"x-col e4622-e67 m3ke-t\"><div class=\"x-text x-content e4622-e68 m3ke-y m3ke-z\"><ul>\n \t<li>\n<h3>Extensive coverage<\/h3>\n<p>Designed around the research needs of the world\u2019s fastest growing markets<\/p>\n<\/li>\n \t<li>\n<h3>Faster insight<\/h3>\n<p>With tools that reduce manual searching and compilation<\/p>\n<\/li>\n \t<li>\n<h3>More confident decisions<\/h3>\n<p>Supported by trusted intelligence and structured workflows<\/p>\n<\/li>\n \t<li>\n<h3>One platform<\/h3>\n<p>To support discovery, analysis, and ongoing monitoring<\/p>\n<\/li>\n<\/ul><\/div><\/div><\/div><\/div><\/section><section class=\"x-section e4622-e69 m3ke-0 text-image\"><div class=\"x-row x-container max width e4622-e70 m3ke-1 m3ke-2 m3ke-8 m3ke-9 m3ke-a m3ke-h m3ke-r\"><div class=\"x-row-inner\"><div class=\"x-col e4622-e71 m3ke-t\"><div class=\"x-text x-content e4622-e72 m3ke-y m3ke-z\"><h2>Get started<\/h2>\n<p>Explore ISI to support your markets research workflow - or reach out to learn more about access and capabilities.<\/p><\/div><\/div><div class=\"x-col e4622-e73 m3ke-t\"><span class=\"x-image e4622-e74 m3ke-w\"><img decoding=\"async\" src=\"https:\/\/isi.designhouse.co.uk\/wp-content\/uploads\/istockphoto-2223853401-1024x1024_watermark.jpg\" width=\"683\" height=\"683\" alt=\"Image\" loading=\"lazy\"><\/span><\/div><\/div><\/div><\/section><section class=\"x-section e4622-e75 m3ke-0 cta accent\" id=\"cta\"><div class=\"x-row x-container max width e4622-e76 m3ke-1 m3ke-2 m3ke-3 m3ke-6 m3ke-c m3ke-s\"><div class=\"x-row-inner\"><div class=\"x-col e4622-e77 m3ke-t\"><div class=\"x-text x-content e4622-e78 m3ke-y m3ke-z\"><h2>Request demo<\/h2>\n<p class=\"highlight\"><mark>Turn complexity into clarity.<\/mark><\/p>\n<p class=\"cta\"><a class=\"button request-demo\" href=\"\/demo\/\">Request Demo<\/a><\/p><\/div><\/div><div class=\"x-col e4622-e79 m3ke-t\"><span class=\"x-image e4622-e80 m3ke-w\"><img decoding=\"async\" src=\"https:\/\/isi.designhouse.co.uk\/wp-content\/uploads\/Business-Woman-Wearing-Glasses-And-Black-Dress-Square.png\" width=\"600\" height=\"600\" alt=\"Placeholder Photo\" loading=\"lazy\"><\/span><\/div><\/div><\/div><\/section><\/div>","protected":false},"excerpt":{"rendered":"<p>HomeJak stosujemy sztuczn\u0105 inteligencj\u0119 Leveraging AI to transform content and data into insightsAt ISI, we help clients overcome critical challenges, such as reducing the risk of missing crucial data, uncovering key insights from large volumes of data, and accelerating the identification, processing, and sharing of content.We empowered our clients with actionable intelligence facilitated by artificial intelligence and machine learning capabilities.&hellip;<\/p>\n","protected":false},"author":1,"featured_media":0,"parent":4634,"menu_order":2,"comment_status":"closed","ping_status":"closed","template":"template-blank-4.php","meta":{"cpa_authors":[],"cpa_override_default":false,"footnotes":""},"class_list":["post-4622","page","type-page","status-publish","hentry","no-post-thumbnail"],"yoast_head":"<!-- This site is optimized with the Yoast SEO plugin v27.2 - https:\/\/yoast.com\/product\/yoast-seo-wordpress\/ -->\n<title>Jak stosujemy sztuczn\u0105 inteligencj\u0119 - ISI<\/title>\n<meta name=\"robots\" content=\"noindex, follow, max-snippet:-1, max-image-preview:large, max-video-preview:-1\" \/>\n<meta property=\"og:locale\" content=\"pl_PL\" \/>\n<meta property=\"og:type\" content=\"article\" \/>\n<meta property=\"og:title\" content=\"Jak stosujemy sztuczn\u0105 inteligencj\u0119 - ISI\" \/>\n<meta property=\"og:description\" content=\"HomeJak stosujemy sztuczn\u0105 inteligencj\u0119 Leveraging AI to transform content and data into insightsAt ISI, we help clients overcome critical challenges, such as reducing the risk of missing crucial data, uncovering key insights from large volumes of data, and accelerating the identification, processing, and sharing of content.We empowered our clients with actionable intelligence facilitated by artificial intelligence and machine learning capabilities.&hellip;\" \/>\n<meta property=\"og:url\" content=\"https:\/\/isi.designhouse.co.uk\/pl\/ai\/\" \/>\n<meta property=\"og:site_name\" content=\"ISI\" \/>\n<meta property=\"article:modified_time\" content=\"2026-03-18T18:43:12+00:00\" \/>\n<meta property=\"og:image\" content=\"https:\/\/isi.designhouse.co.uk\/wp-content\/uploads\/AI_Banner-scaled.png\" \/>\n<meta name=\"twitter:card\" content=\"summary_large_image\" \/>\n<meta name=\"twitter:label1\" content=\"Szacowany czas czytania\" \/>\n\t<meta name=\"twitter:data1\" content=\"3 minuty\" \/>\n<script type=\"application\/ld+json\" class=\"yoast-schema-graph\">{\"@context\":\"https:\/\/schema.org\",\"@graph\":[{\"@type\":\"WebPage\",\"@id\":\"https:\/\/isi.designhouse.co.uk\/pl\/ai\/\",\"url\":\"https:\/\/isi.designhouse.co.uk\/pl\/ai\/\",\"name\":\"Jak stosujemy sztuczn\u0105 inteligencj\u0119 - ISI\",\"isPartOf\":{\"@id\":\"https:\/\/isi.designhouse.co.uk\/pl\/#website\"},\"primaryImageOfPage\":{\"@id\":\"https:\/\/isi.designhouse.co.uk\/pl\/ai\/#primaryimage\"},\"image\":{\"@id\":\"https:\/\/isi.designhouse.co.uk\/pl\/ai\/#primaryimage\"},\"thumbnailUrl\":\"https:\/\/isi.designhouse.co.uk\/wp-content\/uploads\/AI_Banner-scaled.png\",\"datePublished\":\"2026-01-19T15:42:41+00:00\",\"dateModified\":\"2026-03-18T18:43:12+00:00\",\"breadcrumb\":{\"@id\":\"https:\/\/isi.designhouse.co.uk\/pl\/ai\/#breadcrumb\"},\"inLanguage\":\"pl-PL\",\"potentialAction\":[{\"@type\":\"ReadAction\",\"target\":[\"https:\/\/isi.designhouse.co.uk\/pl\/ai\/\"]}]},{\"@type\":\"ImageObject\",\"inLanguage\":\"pl-PL\",\"@id\":\"https:\/\/isi.designhouse.co.uk\/pl\/ai\/#primaryimage\",\"url\":\"https:\/\/isi.designhouse.co.uk\/wp-content\/uploads\/AI_Banner-scaled.png\",\"contentUrl\":\"https:\/\/isi.designhouse.co.uk\/wp-content\/uploads\/AI_Banner-scaled.png\"},{\"@type\":\"BreadcrumbList\",\"@id\":\"https:\/\/isi.designhouse.co.uk\/pl\/ai\/#breadcrumb\",\"itemListElement\":[{\"@type\":\"ListItem\",\"position\":1,\"name\":\"Home\",\"item\":\"https:\/\/isi.designhouse.co.uk\/pl\/\"},{\"@type\":\"ListItem\",\"position\":2,\"name\":\"How We Apply AI\"}]},{\"@type\":\"WebSite\",\"@id\":\"https:\/\/isi.designhouse.co.uk\/pl\/#website\",\"url\":\"https:\/\/isi.designhouse.co.uk\/pl\/\",\"name\":\"ISI\",\"description\":\"\",\"potentialAction\":[{\"@type\":\"SearchAction\",\"target\":{\"@type\":\"EntryPoint\",\"urlTemplate\":\"https:\/\/isi.designhouse.co.uk\/pl\/?s={search_term_string}\"},\"query-input\":{\"@type\":\"PropertyValueSpecification\",\"valueRequired\":true,\"valueName\":\"search_term_string\"}}],\"inLanguage\":\"pl-PL\"}]}<\/script>\n<!-- \/ Yoast SEO plugin. -->","yoast_head_json":{"title":"Jak stosujemy sztuczn\u0105 inteligencj\u0119 - ISI","robots":{"index":"noindex","follow":"follow","max-snippet":"max-snippet:-1","max-image-preview":"max-image-preview:large","max-video-preview":"max-video-preview:-1"},"og_locale":"pl_PL","og_type":"article","og_title":"Jak stosujemy sztuczn\u0105 inteligencj\u0119 - ISI","og_description":"HomeJak stosujemy sztuczn\u0105 inteligencj\u0119 Leveraging AI to transform content and data into insightsAt ISI, we help clients overcome critical challenges, such as reducing the risk of missing crucial data, uncovering key insights from large volumes of data, and accelerating the identification, processing, and sharing of content.We empowered our clients with actionable intelligence facilitated by artificial intelligence and machine learning capabilities.&hellip;","og_url":"https:\/\/isi.designhouse.co.uk\/pl\/ai\/","og_site_name":"ISI","article_modified_time":"2026-03-18T18:43:12+00:00","og_image":[{"url":"https:\/\/isi.designhouse.co.uk\/wp-content\/uploads\/AI_Banner-scaled.png","type":"","width":"","height":""}],"twitter_card":"summary_large_image","twitter_misc":{"Szacowany czas czytania":"3 minuty"},"schema":{"@context":"https:\/\/schema.org","@graph":[{"@type":"WebPage","@id":"https:\/\/isi.designhouse.co.uk\/pl\/ai\/","url":"https:\/\/isi.designhouse.co.uk\/pl\/ai\/","name":"Jak stosujemy sztuczn\u0105 inteligencj\u0119 - ISI","isPartOf":{"@id":"https:\/\/isi.designhouse.co.uk\/pl\/#website"},"primaryImageOfPage":{"@id":"https:\/\/isi.designhouse.co.uk\/pl\/ai\/#primaryimage"},"image":{"@id":"https:\/\/isi.designhouse.co.uk\/pl\/ai\/#primaryimage"},"thumbnailUrl":"https:\/\/isi.designhouse.co.uk\/wp-content\/uploads\/AI_Banner-scaled.png","datePublished":"2026-01-19T15:42:41+00:00","dateModified":"2026-03-18T18:43:12+00:00","breadcrumb":{"@id":"https:\/\/isi.designhouse.co.uk\/pl\/ai\/#breadcrumb"},"inLanguage":"pl-PL","potentialAction":[{"@type":"ReadAction","target":["https:\/\/isi.designhouse.co.uk\/pl\/ai\/"]}]},{"@type":"ImageObject","inLanguage":"pl-PL","@id":"https:\/\/isi.designhouse.co.uk\/pl\/ai\/#primaryimage","url":"https:\/\/isi.designhouse.co.uk\/wp-content\/uploads\/AI_Banner-scaled.png","contentUrl":"https:\/\/isi.designhouse.co.uk\/wp-content\/uploads\/AI_Banner-scaled.png"},{"@type":"BreadcrumbList","@id":"https:\/\/isi.designhouse.co.uk\/pl\/ai\/#breadcrumb","itemListElement":[{"@type":"ListItem","position":1,"name":"Home","item":"https:\/\/isi.designhouse.co.uk\/pl\/"},{"@type":"ListItem","position":2,"name":"How We Apply AI"}]},{"@type":"WebSite","@id":"https:\/\/isi.designhouse.co.uk\/pl\/#website","url":"https:\/\/isi.designhouse.co.uk\/pl\/","name":"ISI","description":"","potentialAction":[{"@type":"SearchAction","target":{"@type":"EntryPoint","urlTemplate":"https:\/\/isi.designhouse.co.uk\/pl\/?s={search_term_string}"},"query-input":{"@type":"PropertyValueSpecification","valueRequired":true,"valueName":"search_term_string"}}],"inLanguage":"pl-PL"}]}},"_links":{"self":[{"href":"https:\/\/isi.designhouse.co.uk\/pl\/wp-json\/wp\/v2\/pages\/4622","targetHints":{"allow":["GET"]}}],"collection":[{"href":"https:\/\/isi.designhouse.co.uk\/pl\/wp-json\/wp\/v2\/pages"}],"about":[{"href":"https:\/\/isi.designhouse.co.uk\/pl\/wp-json\/wp\/v2\/types\/page"}],"author":[{"embeddable":true,"href":"https:\/\/isi.designhouse.co.uk\/pl\/wp-json\/wp\/v2\/users\/1"}],"replies":[{"embeddable":true,"href":"https:\/\/isi.designhouse.co.uk\/pl\/wp-json\/wp\/v2\/comments?post=4622"}],"version-history":[{"count":0,"href":"https:\/\/isi.designhouse.co.uk\/pl\/wp-json\/wp\/v2\/pages\/4622\/revisions"}],"up":[{"embeddable":true,"href":"https:\/\/isi.designhouse.co.uk\/pl\/wp-json\/wp\/v2\/pages\/4634"}],"wp:attachment":[{"href":"https:\/\/isi.designhouse.co.uk\/pl\/wp-json\/wp\/v2\/media?parent=4622"}],"curies":[{"name":"wp","href":"https:\/\/api.w.org\/{rel}","templated":true}]}}