{"id":4555,"date":"2026-03-05T15:01:43","date_gmt":"2026-03-05T15:01:43","guid":{"rendered":"https:\/\/isi.designhouse.co.uk\/not-found\/"},"modified":"2026-03-18T18:43:13","modified_gmt":"2026-03-18T18:43:13","slug":"pagina-nao-encontrada-pt-br","status":"publish","type":"page","link":"https:\/\/isi.designhouse.co.uk\/pt-br\/pagina-nao-encontrada-pt-br\/","title":{"rendered":"P\u00e1gina n\u00e3o encontrada"},"content":{"rendered":"<div id=\"cs-content\" class=\"cs-content\"><div class=\"x-section e4555-e1 m3ij-0 m3ij-1 title centred centered\" id=\"title\"><div class=\"x-row x-container max width e4555-e2 m3ij-3 m3ij-4 m3ij-5\"><div class=\"x-row-inner\"><div class=\"x-col e4555-e3 m3ij-7\"><div class=\"x-text x-content e4555-e4 m3ij-8\"><h1 class=\"highlight\"><mark>P\u00e1gina n\u00e3o encontrada<\/mark><\/h1><\/div><\/div><\/div><\/div><\/div><section class=\"x-section e4555-e5 m3ij-1 m3ij-2 notice centred centered\"><div class=\"x-row x-container max width e4555-e6 m3ij-3 m3ij-4 m3ij-6\"><div class=\"x-row-inner\"><div class=\"x-col e4555-e7 m3ij-7\"><div class=\"x-text x-content e4555-e8 m3ij-8\"><p>We couldn\u2019t find the page you were looking for.<\/p>\n<p><a href=\"\/\" class=\"button\">Back to Home<\/a><\/p><\/div><\/div><\/div><\/div><\/section><\/div>","protected":false},"excerpt":{"rendered":"<p>P\u00e1gina n\u00e3o encontradaWe couldn\u2019t find the page you were looking for. Back to Home<\/p>\n","protected":false},"author":1,"featured_media":0,"parent":0,"menu_order":199,"comment_status":"closed","ping_status":"closed","template":"template-blank-4.php","meta":{"cpa_authors":[],"cpa_override_default":false,"footnotes":""},"class_list":["post-4555","page","type-page","status-publish","hentry","no-post-thumbnail"],"yoast_head":"<!-- This site is optimized with the Yoast SEO plugin v27.2 - https:\/\/yoast.com\/product\/yoast-seo-wordpress\/ -->\n<title>P\u00e1gina n\u00e3o encontrada - ISI<\/title>\n<meta name=\"robots\" content=\"noindex, follow, max-snippet:-1, max-image-preview:large, max-video-preview:-1\" \/>\n<meta property=\"og:locale\" content=\"pt_BR\" \/>\n<meta property=\"og:type\" content=\"article\" \/>\n<meta property=\"og:title\" content=\"P\u00e1gina n\u00e3o encontrada - ISI\" \/>\n<meta property=\"og:description\" content=\"P\u00e1gina n\u00e3o encontradaWe couldn\u2019t find the page you were looking for. Back to Home\" \/>\n<meta property=\"og:url\" content=\"https:\/\/isi.designhouse.co.uk\/pt-br\/pagina-nao-encontrada-pt-br\/\" \/>\n<meta property=\"og:site_name\" content=\"ISI\" \/>\n<meta property=\"article:modified_time\" content=\"2026-03-18T18:43:13+00:00\" \/>\n<meta name=\"twitter:card\" content=\"summary_large_image\" \/>\n<script type=\"application\/ld+json\" class=\"yoast-schema-graph\">{\"@context\":\"https:\/\/schema.org\",\"@graph\":[{\"@type\":\"WebPage\",\"@id\":\"https:\/\/isi.designhouse.co.uk\/pt-br\/pagina-nao-encontrada-pt-br\/\",\"url\":\"https:\/\/isi.designhouse.co.uk\/pt-br\/pagina-nao-encontrada-pt-br\/\",\"name\":\"P\u00e1gina n\u00e3o encontrada - ISI\",\"isPartOf\":{\"@id\":\"https:\/\/isi.designhouse.co.uk\/pt-br\/#website\"},\"datePublished\":\"2026-03-05T15:01:43+00:00\",\"dateModified\":\"2026-03-18T18:43:13+00:00\",\"breadcrumb\":{\"@id\":\"https:\/\/isi.designhouse.co.uk\/pt-br\/pagina-nao-encontrada-pt-br\/#breadcrumb\"},\"inLanguage\":\"pt-BR\",\"potentialAction\":[{\"@type\":\"ReadAction\",\"target\":[\"https:\/\/isi.designhouse.co.uk\/pt-br\/pagina-nao-encontrada-pt-br\/\"]}]},{\"@type\":\"BreadcrumbList\",\"@id\":\"https:\/\/isi.designhouse.co.uk\/pt-br\/pagina-nao-encontrada-pt-br\/#breadcrumb\",\"itemListElement\":[{\"@type\":\"ListItem\",\"position\":1,\"name\":\"Home\",\"item\":\"https:\/\/isi.designhouse.co.uk\/pt-br\/\"},{\"@type\":\"ListItem\",\"position\":2,\"name\":\"Page Not Found\"}]},{\"@type\":\"WebSite\",\"@id\":\"https:\/\/isi.designhouse.co.uk\/pt-br\/#website\",\"url\":\"https:\/\/isi.designhouse.co.uk\/pt-br\/\",\"name\":\"ISI\",\"description\":\"\",\"potentialAction\":[{\"@type\":\"SearchAction\",\"target\":{\"@type\":\"EntryPoint\",\"urlTemplate\":\"https:\/\/isi.designhouse.co.uk\/pt-br\/?s={search_term_string}\"},\"query-input\":{\"@type\":\"PropertyValueSpecification\",\"valueRequired\":true,\"valueName\":\"search_term_string\"}}],\"inLanguage\":\"pt-BR\"}]}<\/script>\n<!-- \/ Yoast SEO plugin. -->","yoast_head_json":{"title":"P\u00e1gina n\u00e3o encontrada - ISI","robots":{"index":"noindex","follow":"follow","max-snippet":"max-snippet:-1","max-image-preview":"max-image-preview:large","max-video-preview":"max-video-preview:-1"},"og_locale":"pt_BR","og_type":"article","og_title":"P\u00e1gina n\u00e3o encontrada - ISI","og_description":"P\u00e1gina n\u00e3o encontradaWe couldn\u2019t find the page you were looking for. Back to Home","og_url":"https:\/\/isi.designhouse.co.uk\/pt-br\/pagina-nao-encontrada-pt-br\/","og_site_name":"ISI","article_modified_time":"2026-03-18T18:43:13+00:00","twitter_card":"summary_large_image","schema":{"@context":"https:\/\/schema.org","@graph":[{"@type":"WebPage","@id":"https:\/\/isi.designhouse.co.uk\/pt-br\/pagina-nao-encontrada-pt-br\/","url":"https:\/\/isi.designhouse.co.uk\/pt-br\/pagina-nao-encontrada-pt-br\/","name":"P\u00e1gina n\u00e3o encontrada - ISI","isPartOf":{"@id":"https:\/\/isi.designhouse.co.uk\/pt-br\/#website"},"datePublished":"2026-03-05T15:01:43+00:00","dateModified":"2026-03-18T18:43:13+00:00","breadcrumb":{"@id":"https:\/\/isi.designhouse.co.uk\/pt-br\/pagina-nao-encontrada-pt-br\/#breadcrumb"},"inLanguage":"pt-BR","potentialAction":[{"@type":"ReadAction","target":["https:\/\/isi.designhouse.co.uk\/pt-br\/pagina-nao-encontrada-pt-br\/"]}]},{"@type":"BreadcrumbList","@id":"https:\/\/isi.designhouse.co.uk\/pt-br\/pagina-nao-encontrada-pt-br\/#breadcrumb","itemListElement":[{"@type":"ListItem","position":1,"name":"Home","item":"https:\/\/isi.designhouse.co.uk\/pt-br\/"},{"@type":"ListItem","position":2,"name":"Page Not Found"}]},{"@type":"WebSite","@id":"https:\/\/isi.designhouse.co.uk\/pt-br\/#website","url":"https:\/\/isi.designhouse.co.uk\/pt-br\/","name":"ISI","description":"","potentialAction":[{"@type":"SearchAction","target":{"@type":"EntryPoint","urlTemplate":"https:\/\/isi.designhouse.co.uk\/pt-br\/?s={search_term_string}"},"query-input":{"@type":"PropertyValueSpecification","valueRequired":true,"valueName":"search_term_string"}}],"inLanguage":"pt-BR"}]}},"_links":{"self":[{"href":"https:\/\/isi.designhouse.co.uk\/pt-br\/wp-json\/wp\/v2\/pages\/4555","targetHints":{"allow":["GET"]}}],"collection":[{"href":"https:\/\/isi.designhouse.co.uk\/pt-br\/wp-json\/wp\/v2\/pages"}],"about":[{"href":"https:\/\/isi.designhouse.co.uk\/pt-br\/wp-json\/wp\/v2\/types\/page"}],"author":[{"embeddable":true,"href":"https:\/\/isi.designhouse.co.uk\/pt-br\/wp-json\/wp\/v2\/users\/1"}],"replies":[{"embeddable":true,"href":"https:\/\/isi.designhouse.co.uk\/pt-br\/wp-json\/wp\/v2\/comments?post=4555"}],"version-history":[{"count":0,"href":"https:\/\/isi.designhouse.co.uk\/pt-br\/wp-json\/wp\/v2\/pages\/4555\/revisions"}],"wp:attachment":[{"href":"https:\/\/isi.designhouse.co.uk\/pt-br\/wp-json\/wp\/v2\/media?parent=4555"}],"curies":[{"name":"wp","href":"https:\/\/api.w.org\/{rel}","templated":true}]}}