{"id":4593,"date":"2026-01-23T14:31:23","date_gmt":"2026-01-23T14:31:23","guid":{"rendered":"https:\/\/isi.designhouse.co.uk\/site-map\/"},"modified":"2026-03-18T18:43:13","modified_gmt":"2026-03-18T18:43:13","slug":"mapa-do-site-pt-br","status":"publish","type":"page","link":"https:\/\/isi.designhouse.co.uk\/pt-br\/mapa-do-site-pt-br\/","title":{"rendered":"Mapa do site"},"content":{"rendered":"<div id=\"cs-content\" class=\"cs-content\"><div class=\"cs-content x-global-block x-global-block-4713 e4593-e1\"><div class=\"x-section e4713-e2 m3mx-0 breadcrumbs\" id=\"breadcrumbs\"><div class=\"x-row x-container max width e4713-e3 m3mx-1 m3mx-2\"><div class=\"x-row-inner\"><div class=\"x-col e4713-e4 m3mx-3\"><nav class=\"x-crumbs e4713-e5 m3mx-4\" role=\"navigation\"><ol class=\"x-crumbs-list\" itemscope=\"\" itemtype=\"http:\/\/schema.org\/BreadcrumbList\" aria-label=\"Breadcrumb Navigation\"><li class=\"x-crumbs-list-item\" itemprop=\"itemListElement\" itemscope itemtype=\"http:\/\/schema.org\/ListItem\"><a class=\"x-crumbs-current x-crumbs-link\" itemtype=\"http:\/\/schema.org\/Thing\" itemprop=\"item\" href=\"https:\/\/isi.designhouse.co.uk\/pt-br\/\" title=\"You Are Here\"><span itemprop=\"name\">Home<\/span><\/a><meta itemprop=\"position\" content=\"1\"><\/li><\/ol><\/nav><\/div><\/div><\/div><\/div><\/div><div class=\"x-section e4593-e2 m3jl-0 m3jl-1 title simple\" id=\"title\"><div class=\"x-row x-container max width e4593-e3 m3jl-3 m3jl-4 m3jl-5\"><div class=\"x-row-inner\"><div class=\"x-col e4593-e4 m3jl-7\"><div class=\"x-text x-content e4593-e5 m3jl-8\"><h1>Mapa do site<\/h1><\/div><\/div><\/div><\/div><\/div><section class=\"x-section e4593-e6 m3jl-1 m3jl-2\"><div class=\"x-row x-container max width e4593-e7 m3jl-3 m3jl-4 m3jl-6\"><div class=\"x-row-inner\"><div class=\"x-col e4593-e8 m3jl-7\"><ul class=\"sitemap\"><li><h2><a href=\"https:\/\/isi.designhouse.co.uk\/pt-br\/\">Lar<\/a><\/h2><\/li><li><h2><a href=\"https:\/\/isi.designhouse.co.uk\/pt-br\/empresa-pt-br\/\">Empresa<\/a><\/h2><ul><li><a href=\"https:\/\/isi.designhouse.co.uk\/pt-br\/empresa-pt-br\/consultas-da-imprensa-pt-br\/\">Consultas da imprensa<\/a><\/li><li><a href=\"https:\/\/isi.designhouse.co.uk\/pt-br\/about\/\">About<\/a><\/li><li><a href=\"https:\/\/isi.designhouse.co.uk\/pt-br\/people\/\">People<\/a><\/li><li><a href=\"https:\/\/isi.designhouse.co.uk\/pt-br\/esg-csr\/\">ESG e RSC<\/a><\/li><li><a href=\"https:\/\/isi.designhouse.co.uk\/pt-br\/careers\/\">Carreiras<\/a><\/li><li><a href=\"https:\/\/isi.designhouse.co.uk\/pt-br\/contact\/\">Contato<\/a><\/li><\/ul><\/li><li class=\"solutions\"><h2><span>Solutions<\/span><\/h2><ul><li><h3><span>Sector<\/span><\/h3><ul><li><a href=\"https:\/\/isi.designhouse.co.uk\/pt-br\/solution\/empresas-pt-br\/\">Empresas<\/a><\/li><li><a href=\"https:\/\/isi.designhouse.co.uk\/pt-br\/solution\/lado-comprador-pt-br\/\">Lado comprador<\/a><\/li><li><a href=\"https:\/\/isi.designhouse.co.uk\/pt-br\/solution\/servicos-profissionais-pt-br\/\">Servi\u00e7os profissionais<\/a><\/li><li><a href=\"https:\/\/isi.designhouse.co.uk\/pt-br\/solution\/commodities-intel-pt-br\/\">Commodities Intel<\/a><\/li><li><a href=\"https:\/\/isi.designhouse.co.uk\/pt-br\/solution\/ceic-buyside-pt-br\/\">CEIC Buyside<\/a><\/li><li><a href=\"https:\/\/isi.designhouse.co.uk\/pt-br\/solution\/empresas-ceic-pt-br\/\">Empresas CEIC<\/a><\/li><li><a href=\"https:\/\/isi.designhouse.co.uk\/pt-br\/solution\/ceic-para-o-governo-pt-br\/\">CEIC para o Governo<\/a><\/li><li><a href=\"https:\/\/isi.designhouse.co.uk\/pt-br\/solution\/bancos-de-investimento-e-comerciais-pt-br\/\">Bancos de Investimento e Comerciais<\/a><\/li><li><a href=\"https:\/\/isi.designhouse.co.uk\/pt-br\/solution\/servicos-profissionais-pt-br\/\">Servi\u00e7os profissionais<\/a><\/li><li><a href=\"https:\/\/isi.designhouse.co.uk\/pt-br\/solution\/governo-pt-br\/\">Governo<\/a><\/li><li><a href=\"https:\/\/isi.designhouse.co.uk\/pt-br\/solution\/academia-pt-br\/\">Academia<\/a><\/li><\/ul><\/li><li><h3><span>Challenge<\/span><\/h3><ul><li><a href=\"https:\/\/isi.designhouse.co.uk\/pt-br\/solution\/acelerar-a-pesquisa-pt-br\/\">Acelerar a pesquisa<\/a><\/li><li><a href=\"https:\/\/isi.designhouse.co.uk\/pt-br\/solution\/identifique-oportunidades-em-mercados-emergentes-antecipadamente-pt-br\/\">Identifique oportunidades em mercados emergentes antecipadamente.<\/a><\/li><li><a href=\"https:\/\/isi.designhouse.co.uk\/pt-br\/solution\/identificar-tendencias-macro-pt-br\/\">Identificar tend\u00eancias macro<\/a><\/li><li><a href=\"https:\/\/isi.designhouse.co.uk\/pt-br\/solution\/inteligencia-estrategica-do-setor-pt-br\/\">Intelig\u00eancia Estrat\u00e9gica do Setor<\/a><\/li><li><a href=\"https:\/\/isi.designhouse.co.uk\/pt-br\/solution\/aprimorar-a-estrategia-de-portfolio-pt-br\/\">Aprimorar a estrat\u00e9gia de portf\u00f3lio<\/a><\/li><li><a href=\"https:\/\/isi.designhouse.co.uk\/pt-br\/solution\/fortalecer-as-decisoes-de-credito-pt-br\/\">Fortalecer as decis\u00f5es de cr\u00e9dito<\/a><\/li><li><a href=\"https:\/\/isi.designhouse.co.uk\/pt-br\/solution\/identificar-oportunidades-de-fusoes-e-aquisicoes-e-de-credito-pt-br\/\">Identificar oportunidades de fus\u00f5es e aquisi\u00e7\u00f5es e de cr\u00e9dito.<\/a><\/li><\/ul><\/li><\/ul><\/li><li class=\"products\"><h2><span>Products<\/span><\/h2><ul><li><h3><a href=\"https:\/\/isi.designhouse.co.uk\/pt-br\/product\/isi-pt-br\/\">ISI<\/a><\/h3><\/li><li><h3><a href=\"https:\/\/isi.designhouse.co.uk\/pt-br\/product\/ceic-pt-br\/\">CEIC<\/a><\/h3><ul><li><a href=\"https:\/\/isi.designhouse.co.uk\/pt-br\/product\/ceic-pt-br\/global-macro-pt-br\/\">Global Macro<\/a><\/li><li><a href=\"https:\/\/isi.designhouse.co.uk\/pt-br\/product\/ceic-pt-br\/world-trend-plus-pt-br\/\">World Trend Plus<\/a><\/li><li><a href=\"https:\/\/isi.designhouse.co.uk\/pt-br\/product\/ceic-pt-br\/asean-pt-br\/\">ASEAN<\/a><\/li><li><a href=\"https:\/\/isi.designhouse.co.uk\/pt-br\/product\/ceic-pt-br\/brasil-pt-br\/\">Brasil<\/a><\/li><li><a href=\"https:\/\/isi.designhouse.co.uk\/pt-br\/product\/ceic-pt-br\/china-pt-br\/\">China<\/a><\/li><li><a href=\"https:\/\/isi.designhouse.co.uk\/pt-br\/product\/ceic-pt-br\/india-pt-br\/\">\u00cdndia<\/a><\/li><li><a href=\"https:\/\/isi.designhouse.co.uk\/pt-br\/product\/ceic-pt-br\/russia-pt-br\/\">R\u00fassia<\/a><\/li><li><a href=\"https:\/\/isi.designhouse.co.uk\/pt-br\/product\/ceic-pt-br\/alta-frequencia-pt-br\/\">Alta freq\u00fc\u00eancia<\/a><\/li><li><a href=\"https:\/\/isi.designhouse.co.uk\/pt-br\/product\/ceic-pt-br\/ponto-no-tempo-pt-br\/\">Ponto no tempo<\/a><\/li><\/ul><\/li><li><h3><a href=\"https:\/\/isi.designhouse.co.uk\/pt-br\/product\/emis-pt-br\/\">EMIS<\/a><\/h3><ul><li><a href=\"https:\/\/isi.designhouse.co.uk\/pt-br\/product\/emis-pt-br\/inteligencia-de-mercado-e-planejamento-estrategico-pt-br\/\">Intelig\u00eancia de mercado e planejamento estrat\u00e9gico<\/a><\/li><li><a href=\"https:\/\/isi.designhouse.co.uk\/pt-br\/product\/emis-pt-br\/pesquisa-de-mercado-pt-br\/\">Pesquisa de mercado<\/a><\/li><li><a href=\"https:\/\/isi.designhouse.co.uk\/pt-br\/product\/emis-pt-br\/ma-investment-pt-br\/\">M&amp;A Investment<\/a><\/li><li><a href=\"https:\/\/isi.designhouse.co.uk\/pt-br\/product\/emis-pt-br\/credit-risk-pt-br\/\">Credit &amp; Risk<\/a><\/li><li><a href=\"https:\/\/isi.designhouse.co.uk\/pt-br\/product\/emis-pt-br\/vendas-e-marketing-pt-br\/\">Vendas e Marketing<\/a><\/li><li><a href=\"https:\/\/isi.designhouse.co.uk\/pt-br\/product\/emis-pt-br\/pesquisa-academica-pt-br\/\">Pesquisa acad\u00eamica<\/a><\/li><\/ul><\/li><li><h3><a href=\"https:\/\/isi.designhouse.co.uk\/pt-br\/product\/epfr-pt-br\/\">EPFR<\/a><\/h3><ul><li><a href=\"https:\/\/isi.designhouse.co.uk\/pt-br\/product\/epfr-pt-br\/fluxos-e-alocacoes-de-fundos-pt-br\/\">Fluxos e Aloca\u00e7\u00f5es de Fundos<\/a><\/li><li><a href=\"https:\/\/isi.designhouse.co.uk\/pt-br\/product\/epfr-pt-br\/nivel-de-seguranca-pt-br\/\">N\u00edvel de seguran\u00e7a<\/a><\/li><li><a href=\"https:\/\/isi.designhouse.co.uk\/pt-br\/product\/epfr-pt-br\/solucoes-especializadas-pt-br\/\">Solu\u00e7\u00f5es Especializadas<\/a><\/li><\/ul><\/li><li><h3><a href=\"https:\/\/isi.designhouse.co.uk\/pt-br\/product\/redd-pt-br\/\">REDD<\/a><\/h3><ul><li><a href=\"https:\/\/isi.designhouse.co.uk\/pt-br\/product\/redd-pt-br\/divida-soberana-pt-br\/\">D\u00edvida Soberana<\/a><\/li><li><a href=\"https:\/\/isi.designhouse.co.uk\/pt-br\/product\/redd-pt-br\/divida-corporativa-pt-br\/\">D\u00edvida Corporativa<\/a><\/li><\/ul><\/li><li><h3><a href=\"https:\/\/isi.designhouse.co.uk\/pt-br\/product\/imoneynet-pt-br\/\">iMoneyNet<\/a><\/h3><\/li><\/ul><\/li><li class=\"posts\"><h2><a href=\"https:\/\/isi.designhouse.co.uk\/pt-br\/noticias-e-analises-pt-br\/\">Not\u00edcias e an\u00e1lises<\/a><\/h2><ul><li><h3>Categories<\/h3><ul><li><a href=\"\/news\/press-releases\/\">Press Releases<\/a><\/li><li><a href=\"\/news\/publications\/\">Publications<\/a><\/li><li><a href=\"\/news\/quants-corner\/\">Quants Corner<\/a><\/li><li><a href=\"\/news\/sem-categoria\/\">Sem categoria<\/a><\/li><\/ul><\/li><li><h3>Topics<\/h3><ul><li><a href=\"\/news\/tag\/academic-research\/\">Academic Research<\/a><\/li><li><a href=\"\/news\/tag\/africa\/\">Africa<\/a><\/li><li><a href=\"\/news\/tag\/ai\/\">AI<\/a><\/li><li><a href=\"\/news\/tag\/asean\/\">ASEAN<\/a><\/li><li><a href=\"\/news\/tag\/asset-allocations\/\">Asset Allocations<\/a><\/li><li><a href=\"\/news\/tag\/awards\/\">Awards<\/a><\/li><li><a href=\"\/news\/tag\/banking\/\">Banking<\/a><\/li><li><a href=\"\/news\/tag\/bond-flows\/\">Bond Flows<\/a><\/li><li><a href=\"\/news\/tag\/bond-funds\/\">Bond Funds<\/a><\/li><li><a href=\"\/news\/tag\/brazil\/\">Brazil<\/a><\/li><li><a href=\"\/news\/tag\/business-research\/\">Business Research<\/a><\/li><li><a href=\"\/news\/tag\/central-banks\/\">Central Banks<\/a><\/li><li><a href=\"\/news\/tag\/china\/\">China<\/a><\/li><li><a href=\"\/news\/tag\/china-a-shares\/\">China A Shares<\/a><\/li><li><a href=\"\/news\/tag\/company-intelligence\/\">Company Intelligence<\/a><\/li><li><a href=\"\/news\/tag\/daily-fund-flows\/\">Daily Fund Flows<\/a><\/li><li><a href=\"\/news\/tag\/developed-markets\/\">Developed Markets<\/a><\/li><li><a href=\"\/news\/tag\/emerging-markets\/\">Emerging Markets<\/a><\/li><li><a href=\"\/news\/tag\/equity-fund-flows\/\">Equity Fund Flows<\/a><\/li><li><a href=\"\/news\/tag\/equity-funds\/\">Equity Funds<\/a><\/li><li><a href=\"\/news\/tag\/esg-fund-flows\/\">ESG Fund Flows<\/a><\/li><li><a href=\"\/news\/tag\/etf-fund-flows\/\">ETF Fund Flows<\/a><\/li><li><a href=\"\/news\/tag\/financial-markets\/\">Financial Markets Data<\/a><\/li><li><a href=\"\/news\/tag\/fund-flows\/\">Fund Flows<\/a><\/li><li><a href=\"\/news\/tag\/industry-research\/\">Industry Research<\/a><\/li><li><a href=\"\/news\/tag\/inflation\/\">Inflation<\/a><\/li><li><a href=\"\/news\/tag\/investor-sentiment\/\">Investor Sentiment<\/a><\/li><li><a href=\"\/news\/tag\/m-and-a\/\">M&amp;A &amp; Investment<\/a><\/li><li><a href=\"\/news\/tag\/market-analysis\/\">Market Analysis<\/a><\/li><li><a href=\"\/news\/tag\/market-intelligence\/\">Market Intelligence<\/a><\/li><li><a href=\"\/news\/tag\/mergers-and-acquisitions\/\">Mergers and Acquisitions<\/a><\/li><li><a href=\"\/news\/tag\/money-market-fund-flows\/\">Money Market Fund Flows<\/a><\/li><li><a href=\"\/news\/tag\/multimedia\/\">Multimedia<\/a><\/li><li><a href=\"\/news\/tag\/mutual-fund-flows\/\">Mutual Fund Flows<\/a><\/li><li><a href=\"\/news\/tag\/press-releases\/\">Press Releases<\/a><\/li><li><a href=\"\/news\/tag\/quantamental\/\">Quantamental<\/a><\/li><li><a href=\"\/news\/tag\/retail-flows\/\">Retail Flows<\/a><\/li><li><a href=\"\/news\/tag\/sovereign-debt\/\">Sovereign Debt<\/a><\/li><li><a href=\"\/news\/tag\/sri\/\">SRI<\/a><\/li><li><a href=\"\/news\/tag\/technology-funds\/\">Technology Funds<\/a><\/li><li><a href=\"\/news\/tag\/top-deals\/\">Top Deals<\/a><\/li><\/ul><\/li><li><h3>Regions<\/h3><ul><li><a href=\"\/region\/africa\/\">Africa<\/a><\/li><li><a href=\"\/region\/asean\/\">ASEAN<\/a><\/li><li><a href=\"\/region\/brazil\/\">Brazil<\/a><\/li><li><a href=\"\/region\/cee\/\">CEE<\/a><\/li><li><a href=\"\/region\/ceemea\/\">CEEMEA<\/a><\/li><li><a href=\"\/region\/china\/\">Chinese Mainland<\/a><\/li><li><a href=\"\/region\/colombia\/\">Colombia<\/a><\/li><li><a href=\"\/region\/europe\/\">Europe<\/a><\/li><li><a href=\"\/region\/india\/\">India<\/a><\/li><li><a href=\"\/region\/japan\/\">Japan<\/a><\/li><li><a href=\"\/region\/latam\/\">LATAM<\/a><\/li><li><a href=\"\/region\/poland\/\">Poland<\/a><\/li><\/ul><\/li><li><h3>Products<\/h3><ul><li><a href=\"\/news\/product\/ceic\/\">CEIC<\/a><\/li><li><a href=\"\/news\/product\/emis\/\">EMIS<\/a><\/li><\/ul><\/li><\/ul><\/li><li class=\"events\"><h2><a href=\"https:\/\/isi.designhouse.co.uk\/pt-br\/events\/\">Events<\/a><\/h2><ul><li><h3>Future Events<\/h3><\/li><li><h3>Past Events<\/h3><\/li><li><h3>Topics<\/h3><ul><li><a href=\"\/events\/tag\/ai\/\">AI<\/a><\/li><li><a href=\"\/events\/tag\/asean\/\">ASEAN<\/a><\/li><li><a href=\"\/events\/tag\/emerging-markets\/\">Emerging Markets<\/a><\/li><li><a href=\"\/events\/tag\/energy\/\">Energy<\/a><\/li><li><a href=\"\/events\/tag\/fintech\/\">Fintech<\/a><\/li><li><a href=\"\/events\/tag\/insurance\/\">Insurance<\/a><\/li><li><a href=\"\/events\/tag\/market-intelligence\/\">Market Intelligence<\/a><\/li><\/ul><\/li><li><h3>Regions<\/h3><ul><li><a href=\"\/events\/region\/asean\/\">ASEAN<\/a><\/li><li><a href=\"\/events\/region\/cee\/\">CEE<\/a><\/li><li><a href=\"\/events\/region\/europe\/\">Europe<\/a><\/li><li><a href=\"\/events\/region\/india\/\">India<\/a><\/li><li><a href=\"\/events\/region\/latam\/\">LATAM<\/a><\/li><li><a href=\"\/events\/region\/us\/\">United States<\/a><\/li><\/ul><\/li><li><h3>Products<\/h3><ul><li><a href=\"\/events\/product\/emis\/\">EMIS<\/a><\/li><\/ul><\/li><\/ul><\/li><li><h2><a href=\"https:\/\/isi.designhouse.co.uk\/pt-br\/abordagem-pt-br\/\">Abordagem<\/a><\/h2><ul><li><a href=\"https:\/\/isi.designhouse.co.uk\/pt-br\/data-delivery\/\">Entrega de dados<\/a><\/li><li><a href=\"https:\/\/isi.designhouse.co.uk\/pt-br\/ai\/\">Como aplicamos a IA<\/a><\/li><li><a href=\"https:\/\/isi.designhouse.co.uk\/pt-br\/partnerships\/\">Parcerias de Conte\u00fado<\/a><\/li><li><a href=\"https:\/\/isi.designhouse.co.uk\/pt-br\/customer-success\/\">Sucesso do cliente<\/a><\/li><\/ul><\/li><li><a href=\"https:\/\/isi.designhouse.co.uk\/pt-br\/demo\/\">Request Demo<\/a><\/li><li><h2><a href=\"https:\/\/isi.designhouse.co.uk\/pt-br\/newsletter\/\">Newsletter<\/a><\/h2><ul><li><a href=\"https:\/\/isi.designhouse.co.uk\/pt-br\/newsletter\/inscreva-se-na-newsletter-da-ceic-pt-br\/\">Inscreva-se na newsletter da CEIC<\/a><\/li><li><a href=\"https:\/\/isi.designhouse.co.uk\/pt-br\/newsletter\/inscreva-se-na-newsletter-da-emis-pt-br\/\">Inscreva-se na newsletter da EMIS<\/a><\/li><li><a href=\"https:\/\/isi.designhouse.co.uk\/pt-br\/newsletter\/inscreva-se-na-newsletter-da-epfr-pt-br\/\">Inscreva-se na newsletter da EPFR<\/a><\/li><\/ul><\/li><li><a href=\"https:\/\/isi.designhouse.co.uk\/pt-br\/termos-e-condicoes-pt-br\/\">Termos e Condi\u00e7\u00f5es<\/a><\/li><li><a href=\"https:\/\/isi.designhouse.co.uk\/pt-br\/politica-de-privacidade-pt-br\/\">pol\u00edtica de Privacidade<\/a><\/li><li><a href=\"https:\/\/isi.designhouse.co.uk\/pt-br\/politica-de-cookies-pt-br\/\">Pol\u00edtica de Cookies<\/a><\/li><li><a href=\"https:\/\/isi.designhouse.co.uk\/pt-br\/mapa-do-site-pt-br\/\">Mapa do site<\/a><\/li><li><a href=\"https:\/\/isi.designhouse.co.uk\/pt-br\/login-redd-pt-br\/\">Login REDD<\/a><\/li><li><a href=\"https:\/\/isi.designhouse.co.uk\/pt-br\/login-do-imoneynet-pt-br\/\">Login do iMoneyNet<\/a><\/li><li><a href=\"https:\/\/isi.designhouse.co.uk\/pt-br\/pagina-nao-encontrada-pt-br\/\">P\u00e1gina n\u00e3o encontrada<\/a><\/li><\/ul><\/div><\/div><\/div><\/section><\/div>","protected":false},"excerpt":{"rendered":"<p>HomeMapa do siteLarEmpresaConsultas da imprensaAboutPeopleESG e RSCCarreirasContatoSolutionsSectorEmpresasLado compradorServi\u00e7os profissionaisCommodities IntelCEIC BuysideEmpresas CEICCEIC para o GovernoBancos de Investimento e ComerciaisServi\u00e7os profissionaisGovernoAcademiaChallengeAcelerar a pesquisaIdentifique oportunidades em mercados emergentes antecipadamente.Identificar tend\u00eancias macroIntelig\u00eancia Estrat\u00e9gica do SetorAprimorar a estrat\u00e9gia de portf\u00f3lioFortalecer as decis\u00f5es de cr\u00e9ditoIdentificar oportunidades de fus\u00f5es e aquisi\u00e7\u00f5es e de cr\u00e9dito.ProductsISICEICGlobal MacroWorld Trend PlusASEANBrasilChina\u00cdndiaR\u00fassiaAlta freq\u00fc\u00eanciaPonto no tempoEMISIntelig\u00eancia de mercado e planejamento estrat\u00e9gicoPesquisa de&hellip;<\/p>\n","protected":false},"author":1,"featured_media":0,"parent":0,"menu_order":95,"comment_status":"closed","ping_status":"closed","template":"template-blank-4.php","meta":{"cpa_authors":[],"cpa_override_default":false,"footnotes":""},"class_list":["post-4593","page","type-page","status-publish","hentry","no-post-thumbnail"],"yoast_head":"<!-- This site is optimized with the Yoast SEO plugin v27.2 - https:\/\/yoast.com\/product\/yoast-seo-wordpress\/ -->\n<title>Mapa do site - ISI<\/title>\n<meta name=\"robots\" content=\"noindex, follow, max-snippet:-1, max-image-preview:large, max-video-preview:-1\" \/>\n<meta property=\"og:locale\" content=\"pt_BR\" \/>\n<meta property=\"og:type\" content=\"article\" \/>\n<meta property=\"og:title\" content=\"Mapa do site - ISI\" \/>\n<meta property=\"og:description\" content=\"HomeMapa do siteLarEmpresaConsultas da imprensaAboutPeopleESG e RSCCarreirasContatoSolutionsSectorEmpresasLado compradorServi\u00e7os profissionaisCommodities IntelCEIC BuysideEmpresas CEICCEIC para o GovernoBancos de Investimento e ComerciaisServi\u00e7os profissionaisGovernoAcademiaChallengeAcelerar a pesquisaIdentifique oportunidades em mercados emergentes antecipadamente.Identificar tend\u00eancias macroIntelig\u00eancia Estrat\u00e9gica do SetorAprimorar a estrat\u00e9gia de portf\u00f3lioFortalecer as decis\u00f5es de cr\u00e9ditoIdentificar oportunidades de fus\u00f5es e aquisi\u00e7\u00f5es e de cr\u00e9dito.ProductsISICEICGlobal MacroWorld Trend PlusASEANBrasilChina\u00cdndiaR\u00fassiaAlta freq\u00fc\u00eanciaPonto no tempoEMISIntelig\u00eancia de mercado e planejamento estrat\u00e9gicoPesquisa de&hellip;\" \/>\n<meta property=\"og:url\" content=\"https:\/\/isi.designhouse.co.uk\/pt-br\/mapa-do-site-pt-br\/\" \/>\n<meta property=\"og:site_name\" content=\"ISI\" \/>\n<meta property=\"article:modified_time\" content=\"2026-03-18T18:43:13+00:00\" \/>\n<meta name=\"twitter:card\" content=\"summary_large_image\" \/>\n<script type=\"application\/ld+json\" class=\"yoast-schema-graph\">{\"@context\":\"https:\/\/schema.org\",\"@graph\":[{\"@type\":\"WebPage\",\"@id\":\"https:\/\/isi.designhouse.co.uk\/pt-br\/mapa-do-site-pt-br\/\",\"url\":\"https:\/\/isi.designhouse.co.uk\/pt-br\/mapa-do-site-pt-br\/\",\"name\":\"Mapa do site - ISI\",\"isPartOf\":{\"@id\":\"https:\/\/isi.designhouse.co.uk\/pt-br\/#website\"},\"datePublished\":\"2026-01-23T14:31:23+00:00\",\"dateModified\":\"2026-03-18T18:43:13+00:00\",\"breadcrumb\":{\"@id\":\"https:\/\/isi.designhouse.co.uk\/pt-br\/mapa-do-site-pt-br\/#breadcrumb\"},\"inLanguage\":\"pt-BR\",\"potentialAction\":[{\"@type\":\"ReadAction\",\"target\":[\"https:\/\/isi.designhouse.co.uk\/pt-br\/mapa-do-site-pt-br\/\"]}]},{\"@type\":\"BreadcrumbList\",\"@id\":\"https:\/\/isi.designhouse.co.uk\/pt-br\/mapa-do-site-pt-br\/#breadcrumb\",\"itemListElement\":[{\"@type\":\"ListItem\",\"position\":1,\"name\":\"Home\",\"item\":\"https:\/\/isi.designhouse.co.uk\/pt-br\/\"},{\"@type\":\"ListItem\",\"position\":2,\"name\":\"Site Map\"}]},{\"@type\":\"WebSite\",\"@id\":\"https:\/\/isi.designhouse.co.uk\/pt-br\/#website\",\"url\":\"https:\/\/isi.designhouse.co.uk\/pt-br\/\",\"name\":\"ISI\",\"description\":\"\",\"potentialAction\":[{\"@type\":\"SearchAction\",\"target\":{\"@type\":\"EntryPoint\",\"urlTemplate\":\"https:\/\/isi.designhouse.co.uk\/pt-br\/?s={search_term_string}\"},\"query-input\":{\"@type\":\"PropertyValueSpecification\",\"valueRequired\":true,\"valueName\":\"search_term_string\"}}],\"inLanguage\":\"pt-BR\"}]}<\/script>\n<!-- \/ Yoast SEO plugin. -->","yoast_head_json":{"title":"Mapa do site - ISI","robots":{"index":"noindex","follow":"follow","max-snippet":"max-snippet:-1","max-image-preview":"max-image-preview:large","max-video-preview":"max-video-preview:-1"},"og_locale":"pt_BR","og_type":"article","og_title":"Mapa do site - ISI","og_description":"HomeMapa do siteLarEmpresaConsultas da imprensaAboutPeopleESG e RSCCarreirasContatoSolutionsSectorEmpresasLado compradorServi\u00e7os profissionaisCommodities IntelCEIC BuysideEmpresas CEICCEIC para o GovernoBancos de Investimento e ComerciaisServi\u00e7os profissionaisGovernoAcademiaChallengeAcelerar a pesquisaIdentifique oportunidades em mercados emergentes antecipadamente.Identificar tend\u00eancias macroIntelig\u00eancia Estrat\u00e9gica do SetorAprimorar a estrat\u00e9gia de portf\u00f3lioFortalecer as decis\u00f5es de cr\u00e9ditoIdentificar oportunidades de fus\u00f5es e aquisi\u00e7\u00f5es e de cr\u00e9dito.ProductsISICEICGlobal MacroWorld Trend PlusASEANBrasilChina\u00cdndiaR\u00fassiaAlta freq\u00fc\u00eanciaPonto no tempoEMISIntelig\u00eancia de mercado e planejamento estrat\u00e9gicoPesquisa de&hellip;","og_url":"https:\/\/isi.designhouse.co.uk\/pt-br\/mapa-do-site-pt-br\/","og_site_name":"ISI","article_modified_time":"2026-03-18T18:43:13+00:00","twitter_card":"summary_large_image","schema":{"@context":"https:\/\/schema.org","@graph":[{"@type":"WebPage","@id":"https:\/\/isi.designhouse.co.uk\/pt-br\/mapa-do-site-pt-br\/","url":"https:\/\/isi.designhouse.co.uk\/pt-br\/mapa-do-site-pt-br\/","name":"Mapa do site - ISI","isPartOf":{"@id":"https:\/\/isi.designhouse.co.uk\/pt-br\/#website"},"datePublished":"2026-01-23T14:31:23+00:00","dateModified":"2026-03-18T18:43:13+00:00","breadcrumb":{"@id":"https:\/\/isi.designhouse.co.uk\/pt-br\/mapa-do-site-pt-br\/#breadcrumb"},"inLanguage":"pt-BR","potentialAction":[{"@type":"ReadAction","target":["https:\/\/isi.designhouse.co.uk\/pt-br\/mapa-do-site-pt-br\/"]}]},{"@type":"BreadcrumbList","@id":"https:\/\/isi.designhouse.co.uk\/pt-br\/mapa-do-site-pt-br\/#breadcrumb","itemListElement":[{"@type":"ListItem","position":1,"name":"Home","item":"https:\/\/isi.designhouse.co.uk\/pt-br\/"},{"@type":"ListItem","position":2,"name":"Site Map"}]},{"@type":"WebSite","@id":"https:\/\/isi.designhouse.co.uk\/pt-br\/#website","url":"https:\/\/isi.designhouse.co.uk\/pt-br\/","name":"ISI","description":"","potentialAction":[{"@type":"SearchAction","target":{"@type":"EntryPoint","urlTemplate":"https:\/\/isi.designhouse.co.uk\/pt-br\/?s={search_term_string}"},"query-input":{"@type":"PropertyValueSpecification","valueRequired":true,"valueName":"search_term_string"}}],"inLanguage":"pt-BR"}]}},"_links":{"self":[{"href":"https:\/\/isi.designhouse.co.uk\/pt-br\/wp-json\/wp\/v2\/pages\/4593","targetHints":{"allow":["GET"]}}],"collection":[{"href":"https:\/\/isi.designhouse.co.uk\/pt-br\/wp-json\/wp\/v2\/pages"}],"about":[{"href":"https:\/\/isi.designhouse.co.uk\/pt-br\/wp-json\/wp\/v2\/types\/page"}],"author":[{"embeddable":true,"href":"https:\/\/isi.designhouse.co.uk\/pt-br\/wp-json\/wp\/v2\/users\/1"}],"replies":[{"embeddable":true,"href":"https:\/\/isi.designhouse.co.uk\/pt-br\/wp-json\/wp\/v2\/comments?post=4593"}],"version-history":[{"count":0,"href":"https:\/\/isi.designhouse.co.uk\/pt-br\/wp-json\/wp\/v2\/pages\/4593\/revisions"}],"wp:attachment":[{"href":"https:\/\/isi.designhouse.co.uk\/pt-br\/wp-json\/wp\/v2\/media?parent=4593"}],"curies":[{"name":"wp","href":"https:\/\/api.w.org\/{rel}","templated":true}]}}